{"id":1968,"date":"2018-11-27T09:17:42","date_gmt":"2018-11-27T08:17:42","guid":{"rendered":"https:\/\/rastokenf.hr\/gallery\/"},"modified":"2024-08-18T12:07:33","modified_gmt":"2024-08-18T10:07:33","slug":"galerie","status":"publish","type":"page","link":"https:\/\/rastokenf.hr\/de\/galerie\/","title":{"rendered":"Galerie"},"content":{"rendered":"\t\t<div data-elementor-type=\"wp-post\" data-elementor-id=\"1968\" class=\"elementor elementor-1968 elementor-543\">\n\t\t\t\t<div class=\"elementor-element elementor-element-36e4911 e-flex e-con-boxed e-con e-parent\" data-id=\"36e4911\" data-element_type=\"container\" data-e-type=\"container\" data-settings=\"{&quot;background_background&quot;:&quot;classic&quot;}\">\n\t\t\t\t\t<div class=\"e-con-inner\">\n\t\t<div class=\"elementor-element elementor-element-8d332cf e-con-full e-flex e-con e-child\" data-id=\"8d332cf\" data-element_type=\"container\" data-e-type=\"container\">\n\t\t\t\t<div class=\"elementor-element elementor-element-4bf79de elementor-widget elementor-widget-heading\" data-id=\"4bf79de\" data-element_type=\"widget\" data-e-type=\"widget\" data-widget_type=\"heading.default\">\n\t\t\t\t<div class=\"elementor-widget-container\">\n\t\t\t\t\t<h1 class=\"elementor-heading-title elementor-size-default\">Unsere Galerie<\/h1>\t\t\t\t<\/div>\n\t\t\t\t<\/div>\n\t\t\t\t<\/div>\n\t\t\t\t\t<\/div>\n\t\t\t\t<\/div>\n\t\t<div class=\"elementor-element elementor-element-0c901ab e-flex e-con-boxed e-con e-parent\" data-id=\"0c901ab\" data-element_type=\"container\" data-e-type=\"container\">\n\t\t\t\t\t<div class=\"e-con-inner\">\n\t\t<div class=\"elementor-element elementor-element-b71e4eb e-con-full e-flex e-con e-child\" data-id=\"b71e4eb\" data-element_type=\"container\" data-e-type=\"container\">\n\t\t\t\t<div class=\"elementor-element elementor-element-3c525f0 elementor-widget-divider--view-line_text elementor-widget-divider--element-align-left elementor-widget elementor-widget-divider\" data-id=\"3c525f0\" data-element_type=\"widget\" data-e-type=\"widget\" data-widget_type=\"divider.default\">\n\t\t\t\t<div class=\"elementor-widget-container\">\n\t\t\t\t\t\t\t<div class=\"elementor-divider\">\n\t\t\t<span class=\"elementor-divider-separator\">\n\t\t\t\t\t\t\t<h6 class=\"elementor-divider__text elementor-divider__element\">\n\t\t\t\tKajakfahren\t\t\t\t<\/h6>\n\t\t\t\t\t\t<\/span>\n\t\t<\/div>\n\t\t\t\t\t\t<\/div>\n\t\t\t\t<\/div>\n\t\t\t\t<div class=\"elementor-element elementor-element-52d103b elementor-widget elementor-widget-image-box\" data-id=\"52d103b\" data-element_type=\"widget\" data-e-type=\"widget\" data-widget_type=\"image-box.default\">\n\t\t\t\t<div class=\"elementor-widget-container\">\n\t\t\t\t\t<div class=\"elementor-image-box-wrapper\"><div class=\"elementor-image-box-content\"><h2 class=\"elementor-image-box-title\">Fluss Mre\u017enica im Naturdenkmal \u201eMre\u017enica-Tounj\u010dica\u201c<\/h2><p class=\"elementor-image-box-description\">Begeben Sie sich auf eine aufregende Reise durch unsere Kajak-Galerie und halten Sie das aufregende Erlebnis der Navigation auf unber\u00fchrten Fl\u00fcssen fest.<\/p><\/div><\/div>\t\t\t\t<\/div>\n\t\t\t\t<\/div>\n\t\t\t\t<div class=\"elementor-element elementor-element-c219dd5 elementor-widget elementor-widget-heading\" data-id=\"c219dd5\" data-element_type=\"widget\" data-e-type=\"widget\" data-widget_type=\"heading.default\">\n\t\t\t\t<div class=\"elementor-widget-container\">\n\t\t\t\t\t<h4 class=\"elementor-heading-title elementor-size-default\">Fr\u00fchlingstouren<\/h4>\t\t\t\t<\/div>\n\t\t\t\t<\/div>\n\t\t\t\t<div class=\"elementor-element elementor-element-346bb0b elementor-pagination-position-outside elementor-widget elementor-widget-image-carousel\" data-id=\"346bb0b\" data-element_type=\"widget\" data-e-type=\"widget\" data-settings=\"{&quot;slides_to_show&quot;:&quot;3&quot;,&quot;slides_to_scroll&quot;:&quot;1&quot;,&quot;navigation&quot;:&quot;dots&quot;,&quot;slides_to_show_tablet&quot;:&quot;2&quot;,&quot;slides_to_show_mobile&quot;:&quot;1&quot;,&quot;autoplay&quot;:&quot;no&quot;,&quot;infinite&quot;:&quot;yes&quot;,&quot;speed&quot;:500,&quot;image_spacing_custom&quot;:{&quot;unit&quot;:&quot;px&quot;,&quot;size&quot;:20,&quot;sizes&quot;:[]},&quot;image_spacing_custom_tablet&quot;:{&quot;unit&quot;:&quot;px&quot;,&quot;size&quot;:&quot;&quot;,&quot;sizes&quot;:[]}}\" data-widget_type=\"image-carousel.default\">\n\t\t\t\t<div class=\"elementor-widget-container\">\n\t\t\t\t\t\t\t<div class=\"elementor-image-carousel-wrapper swiper\" role=\"region\" aria-roledescription=\"carousel\" aria-label=\"Bild Karussell\" dir=\"ltr\">\n\t\t\t<div class=\"elementor-image-carousel swiper-wrapper swiper-image-stretch\" aria-live=\"polite\">\n\t\t\t\t\t\t\t\t<div class=\"swiper-slide\" role=\"group\" aria-roledescription=\"slide\" aria-label=\"1 von 17\"><figure class=\"swiper-slide-inner\"><img decoding=\"async\" class=\"swiper-slide-image\" src=\"https:\/\/rastokenf.hr\/wp-content\/uploads\/2024\/05\/Rastoke-Slunj-spring-rafting-kayak-008.webp\" alt=\"Rastoke nature fun kayak kayaking mreznica river kajak slunj plitvice karlova\u010dka zupanija\" \/><\/figure><\/div><div class=\"swiper-slide\" role=\"group\" aria-roledescription=\"slide\" aria-label=\"2 von 17\"><figure class=\"swiper-slide-inner\"><img decoding=\"async\" class=\"swiper-slide-image\" src=\"https:\/\/rastokenf.hr\/wp-content\/uploads\/2024\/05\/Rastoke-Slunj-spring-rafting-kayak-009.webp\" alt=\"Rastoke nature fun kayak kayaking mreznica river kajak slunj plitvice karlova\u010dka zupanija\" \/><\/figure><\/div><div class=\"swiper-slide\" role=\"group\" aria-roledescription=\"slide\" aria-label=\"3 von 17\"><figure class=\"swiper-slide-inner\"><img decoding=\"async\" class=\"swiper-slide-image\" src=\"https:\/\/rastokenf.hr\/wp-content\/uploads\/2024\/05\/Rastoke-Slunj-spring-rafting-kayak-010.webp\" alt=\"Rastoke nature fun kayak kayaking mreznica river kajak slunj plitvice karlova\u010dka zupanija\" \/><\/figure><\/div><div class=\"swiper-slide\" role=\"group\" aria-roledescription=\"slide\" aria-label=\"4 von 17\"><figure class=\"swiper-slide-inner\"><img decoding=\"async\" class=\"swiper-slide-image\" src=\"https:\/\/rastokenf.hr\/wp-content\/uploads\/2024\/05\/Rastoke-Slunj-spring-rafting-kayak-011.webp\" alt=\"Rastoke nature fun kayak kayaking mreznica river kajak slunj plitvice karlova\u010dka zupanija\" \/><\/figure><\/div><div class=\"swiper-slide\" role=\"group\" aria-roledescription=\"slide\" aria-label=\"5 von 17\"><figure class=\"swiper-slide-inner\"><img decoding=\"async\" class=\"swiper-slide-image\" src=\"https:\/\/rastokenf.hr\/wp-content\/uploads\/2024\/05\/Rastoke-Slunj-spring-rafting-kayak-012.webp\" alt=\"Rastoke nature fun kayak kayaking mreznica river kajak slunj plitvice karlova\u010dka zupanija\" \/><\/figure><\/div><div class=\"swiper-slide\" role=\"group\" aria-roledescription=\"slide\" aria-label=\"6 von 17\"><figure class=\"swiper-slide-inner\"><img decoding=\"async\" class=\"swiper-slide-image\" src=\"https:\/\/rastokenf.hr\/wp-content\/uploads\/2024\/05\/Rastoke-Slunj-spring-rafting-kayak-013.webp\" alt=\"Rastoke nature fun kayak kayaking mreznica river kajak slunj plitvice karlova\u010dka zupanija\" \/><\/figure><\/div><div class=\"swiper-slide\" role=\"group\" aria-roledescription=\"slide\" aria-label=\"7 von 17\"><figure class=\"swiper-slide-inner\"><img decoding=\"async\" class=\"swiper-slide-image\" src=\"https:\/\/rastokenf.hr\/wp-content\/uploads\/2024\/05\/Rastoke-Slunj-spring-rafting-kayak-014.webp\" alt=\"Rastoke nature fun kayak kayaking mreznica river kajak slunj plitvice karlova\u010dka zupanija\" \/><\/figure><\/div><div class=\"swiper-slide\" role=\"group\" aria-roledescription=\"slide\" aria-label=\"8 von 17\"><figure class=\"swiper-slide-inner\"><img decoding=\"async\" class=\"swiper-slide-image\" src=\"https:\/\/rastokenf.hr\/wp-content\/uploads\/2024\/05\/Rastoke-Slunj-spring-rafting-kayak-015.webp\" alt=\"Rastoke nature fun kayak kayaking mreznica river kajak slunj plitvice karlova\u010dka zupanija\" \/><\/figure><\/div><div class=\"swiper-slide\" role=\"group\" aria-roledescription=\"slide\" aria-label=\"9 von 17\"><figure class=\"swiper-slide-inner\"><img decoding=\"async\" class=\"swiper-slide-image\" src=\"https:\/\/rastokenf.hr\/wp-content\/uploads\/2024\/05\/Rastoke-Slunj-spring-rafting-kayak-016.webp\" alt=\"Rastoke nature fun kayak kayaking mreznica river kajak slunj plitvice karlova\u010dka zupanija\" \/><\/figure><\/div><div class=\"swiper-slide\" role=\"group\" aria-roledescription=\"slide\" aria-label=\"10 von 17\"><figure class=\"swiper-slide-inner\"><img decoding=\"async\" class=\"swiper-slide-image\" src=\"https:\/\/rastokenf.hr\/wp-content\/uploads\/2024\/05\/Rastoke-Slunj-spring-rafting-kayak-017.webp\" alt=\"Rastoke nature fun kayak kayaking mreznica river kajak slunj plitvice karlova\u010dka zupanija\" \/><\/figure><\/div><div class=\"swiper-slide\" role=\"group\" aria-roledescription=\"slide\" aria-label=\"11 von 17\"><figure class=\"swiper-slide-inner\"><img decoding=\"async\" class=\"swiper-slide-image\" src=\"https:\/\/rastokenf.hr\/wp-content\/uploads\/2024\/05\/Rastoke-Slunj-spring-rafting-kayak-001.webp\" alt=\"Rastoke nature fun kayak kayaking mreznica river kajak slunj plitvice karlova\u010dka zupanija\" \/><\/figure><\/div><div class=\"swiper-slide\" role=\"group\" aria-roledescription=\"slide\" aria-label=\"12 von 17\"><figure class=\"swiper-slide-inner\"><img decoding=\"async\" class=\"swiper-slide-image\" src=\"https:\/\/rastokenf.hr\/wp-content\/uploads\/2024\/05\/Rastoke-Slunj-spring-rafting-kayak-002.webp\" alt=\"Rastoke nature fun kayak kayaking mreznica river kajak slunj plitvice karlova\u010dka zupanija\" \/><\/figure><\/div><div class=\"swiper-slide\" role=\"group\" aria-roledescription=\"slide\" aria-label=\"13 von 17\"><figure class=\"swiper-slide-inner\"><img decoding=\"async\" class=\"swiper-slide-image\" src=\"https:\/\/rastokenf.hr\/wp-content\/uploads\/2024\/05\/Rastoke-Slunj-spring-rafting-kayak-003.webp\" alt=\"Rastoke nature fun kayak kayaking mreznica river kajak slunj plitvice karlova\u010dka zupanija\" \/><\/figure><\/div><div class=\"swiper-slide\" role=\"group\" aria-roledescription=\"slide\" aria-label=\"14 von 17\"><figure class=\"swiper-slide-inner\"><img decoding=\"async\" class=\"swiper-slide-image\" src=\"https:\/\/rastokenf.hr\/wp-content\/uploads\/2024\/05\/Rastoke-Slunj-spring-rafting-kayak-004.webp\" alt=\"Rastoke nature fun kayak kayaking mreznica river kajak slunj plitvice karlova\u010dka zupanija\" \/><\/figure><\/div><div class=\"swiper-slide\" role=\"group\" aria-roledescription=\"slide\" aria-label=\"15 von 17\"><figure class=\"swiper-slide-inner\"><img decoding=\"async\" class=\"swiper-slide-image\" src=\"https:\/\/rastokenf.hr\/wp-content\/uploads\/2024\/05\/Rastoke-Slunj-spring-rafting-kayak-005.webp\" alt=\"Rastoke nature fun kayak kayaking mreznica river kajak slunj plitvice karlova\u010dka zupanija\" \/><\/figure><\/div><div class=\"swiper-slide\" role=\"group\" aria-roledescription=\"slide\" aria-label=\"16 von 17\"><figure class=\"swiper-slide-inner\"><img decoding=\"async\" class=\"swiper-slide-image\" src=\"https:\/\/rastokenf.hr\/wp-content\/uploads\/2024\/05\/Rastoke-Slunj-spring-rafting-kayak-006.webp\" alt=\"Rastoke nature fun kayak kayaking mreznica river kajak slunj plitvice karlova\u010dka zupanija\" \/><\/figure><\/div><div class=\"swiper-slide\" role=\"group\" aria-roledescription=\"slide\" aria-label=\"17 von 17\"><figure class=\"swiper-slide-inner\"><img decoding=\"async\" class=\"swiper-slide-image\" src=\"https:\/\/rastokenf.hr\/wp-content\/uploads\/2024\/05\/Rastoke-Slunj-spring-rafting-kayak-007.webp\" alt=\"Rastoke nature fun kayak kayaking mreznica river kajak slunj plitvice karlova\u010dka zupanija\" \/><\/figure><\/div>\t\t\t<\/div>\n\t\t\t\t\t\t\t\n\t\t\t\t\t\t\t\t\t<div class=\"swiper-pagination\"><\/div>\n\t\t\t\t\t\t\t\t\t<\/div>\n\t\t\t\t\t\t<\/div>\n\t\t\t\t<\/div>\n\t\t\t\t<div class=\"elementor-element elementor-element-cdb2487 elementor-widget elementor-widget-heading\" data-id=\"cdb2487\" data-element_type=\"widget\" data-e-type=\"widget\" data-widget_type=\"heading.default\">\n\t\t\t\t<div class=\"elementor-widget-container\">\n\t\t\t\t\t<h4 class=\"elementor-heading-title elementor-size-default\">Letzte Saison<\/h4>\t\t\t\t<\/div>\n\t\t\t\t<\/div>\n\t\t\t\t<div class=\"elementor-element elementor-element-7455542 elementor-pagination-position-outside elementor-widget elementor-widget-image-carousel\" data-id=\"7455542\" data-element_type=\"widget\" data-e-type=\"widget\" data-settings=\"{&quot;slides_to_show&quot;:&quot;3&quot;,&quot;slides_to_scroll&quot;:&quot;1&quot;,&quot;navigation&quot;:&quot;dots&quot;,&quot;slides_to_show_tablet&quot;:&quot;2&quot;,&quot;slides_to_show_mobile&quot;:&quot;1&quot;,&quot;autoplay&quot;:&quot;no&quot;,&quot;infinite&quot;:&quot;yes&quot;,&quot;speed&quot;:500,&quot;image_spacing_custom&quot;:{&quot;unit&quot;:&quot;px&quot;,&quot;size&quot;:20,&quot;sizes&quot;:[]},&quot;image_spacing_custom_tablet&quot;:{&quot;unit&quot;:&quot;px&quot;,&quot;size&quot;:&quot;&quot;,&quot;sizes&quot;:[]}}\" data-widget_type=\"image-carousel.default\">\n\t\t\t\t<div class=\"elementor-widget-container\">\n\t\t\t\t\t\t\t<div class=\"elementor-image-carousel-wrapper swiper\" role=\"region\" aria-roledescription=\"carousel\" aria-label=\"Bild Karussell\" dir=\"ltr\">\n\t\t\t<div class=\"elementor-image-carousel swiper-wrapper swiper-image-stretch\" aria-live=\"polite\">\n\t\t\t\t\t\t\t\t<div class=\"swiper-slide\" role=\"group\" aria-roledescription=\"slide\" aria-label=\"1 von 18\"><figure class=\"swiper-slide-inner\"><img decoding=\"async\" class=\"swiper-slide-image\" src=\"https:\/\/rastokenf.hr\/wp-content\/uploads\/2024\/01\/Rastoke-Slunj-rafting-kayak-001.webp\" alt=\"Rastoke nature fun kayak kayaking mreznica river kajak slunj plitvice karlova\u010dka zupanija\" \/><\/figure><\/div><div class=\"swiper-slide\" role=\"group\" aria-roledescription=\"slide\" aria-label=\"2 von 18\"><figure class=\"swiper-slide-inner\"><img decoding=\"async\" class=\"swiper-slide-image\" src=\"https:\/\/rastokenf.hr\/wp-content\/uploads\/2024\/01\/Rastoke-Slunj-rafting-kayak-019.webp\" alt=\"Rastoke nature fun kayak kayaking mreznica river kajak slunj plitvice karlova\u010dka zupanija\" \/><\/figure><\/div><div class=\"swiper-slide\" role=\"group\" aria-roledescription=\"slide\" aria-label=\"3 von 18\"><figure class=\"swiper-slide-inner\"><img decoding=\"async\" class=\"swiper-slide-image\" src=\"https:\/\/rastokenf.hr\/wp-content\/uploads\/2024\/01\/Rastoke-Slunj-rafting-kayak-002.webp\" alt=\"Rastoke nature fun kayak kayaking mreznica river kajak slunj plitvice karlova\u010dka zupanija\" \/><\/figure><\/div><div class=\"swiper-slide\" role=\"group\" aria-roledescription=\"slide\" aria-label=\"4 von 18\"><figure class=\"swiper-slide-inner\"><img decoding=\"async\" class=\"swiper-slide-image\" src=\"https:\/\/rastokenf.hr\/wp-content\/uploads\/2024\/01\/Rastoke-Slunj-rafting-kayak-003.webp\" alt=\"Rastoke nature fun kayak kayaking mreznica river kajak slunj plitvice karlova\u010dka zupanija\" \/><\/figure><\/div><div class=\"swiper-slide\" role=\"group\" aria-roledescription=\"slide\" aria-label=\"5 von 18\"><figure class=\"swiper-slide-inner\"><img decoding=\"async\" class=\"swiper-slide-image\" src=\"https:\/\/rastokenf.hr\/wp-content\/uploads\/2024\/01\/Rastoke-Slunj-rafting-kayak-004.webp\" alt=\"Rastoke nature fun kayak kayaking mreznica river kajak slunj plitvice karlova\u010dka zupanija\" \/><\/figure><\/div><div class=\"swiper-slide\" role=\"group\" aria-roledescription=\"slide\" aria-label=\"6 von 18\"><figure class=\"swiper-slide-inner\"><img decoding=\"async\" class=\"swiper-slide-image\" src=\"https:\/\/rastokenf.hr\/wp-content\/uploads\/2024\/01\/Rastoke-Slunj-rafting-kayak-005.webp\" alt=\"Rastoke nature fun kayak kayaking mreznica river kajak slunj plitvice karlova\u010dka zupanija\" \/><\/figure><\/div><div class=\"swiper-slide\" role=\"group\" aria-roledescription=\"slide\" aria-label=\"7 von 18\"><figure class=\"swiper-slide-inner\"><img decoding=\"async\" class=\"swiper-slide-image\" src=\"https:\/\/rastokenf.hr\/wp-content\/uploads\/2024\/01\/Rastoke-Slunj-rafting-kayak-006.webp\" alt=\"Rastoke nature fun kayak kayaking mreznica river kajak slunj plitvice karlova\u010dka zupanija\" \/><\/figure><\/div><div class=\"swiper-slide\" role=\"group\" aria-roledescription=\"slide\" aria-label=\"8 von 18\"><figure class=\"swiper-slide-inner\"><img decoding=\"async\" class=\"swiper-slide-image\" src=\"https:\/\/rastokenf.hr\/wp-content\/uploads\/2024\/01\/Rastoke-Slunj-rafting-kayak-007.webp\" alt=\"Rastoke nature fun kayak kayaking mreznica river kajak slunj plitvice karlova\u010dka zupanija\" \/><\/figure><\/div><div class=\"swiper-slide\" role=\"group\" aria-roledescription=\"slide\" aria-label=\"9 von 18\"><figure class=\"swiper-slide-inner\"><img decoding=\"async\" class=\"swiper-slide-image\" src=\"https:\/\/rastokenf.hr\/wp-content\/uploads\/2024\/01\/Rastoke-Slunj-rafting-kayak-008.webp\" alt=\"Rastoke nature fun kayak kayaking mreznica river kajak slunj plitvice karlova\u010dka zupanija\" \/><\/figure><\/div><div class=\"swiper-slide\" role=\"group\" aria-roledescription=\"slide\" aria-label=\"10 von 18\"><figure class=\"swiper-slide-inner\"><img decoding=\"async\" class=\"swiper-slide-image\" src=\"https:\/\/rastokenf.hr\/wp-content\/uploads\/2024\/01\/Rastoke-Slunj-rafting-kayak-009.webp\" alt=\"Rastoke nature fun kayak kayaking mreznica river kajak slunj plitvice karlova\u010dka zupanija\" \/><\/figure><\/div><div class=\"swiper-slide\" role=\"group\" aria-roledescription=\"slide\" aria-label=\"11 von 18\"><figure class=\"swiper-slide-inner\"><img decoding=\"async\" class=\"swiper-slide-image\" src=\"https:\/\/rastokenf.hr\/wp-content\/uploads\/2024\/01\/Rastoke-Slunj-rafting-kayak-010.webp\" alt=\"Rastoke nature fun kayak kayaking mreznica river kajak slunj plitvice karlova\u010dka zupanija\" \/><\/figure><\/div><div class=\"swiper-slide\" role=\"group\" aria-roledescription=\"slide\" aria-label=\"12 von 18\"><figure class=\"swiper-slide-inner\"><img decoding=\"async\" class=\"swiper-slide-image\" src=\"https:\/\/rastokenf.hr\/wp-content\/uploads\/2024\/01\/Rastoke-Slunj-rafting-kayak-011.webp\" alt=\"Rastoke nature fun kayak kayaking mreznica river kajak slunj plitvice karlova\u010dka zupanija\" \/><\/figure><\/div><div class=\"swiper-slide\" role=\"group\" aria-roledescription=\"slide\" aria-label=\"13 von 18\"><figure class=\"swiper-slide-inner\"><img decoding=\"async\" class=\"swiper-slide-image\" src=\"https:\/\/rastokenf.hr\/wp-content\/uploads\/2024\/01\/Rastoke-Slunj-rafting-kayak-012.webp\" alt=\"Rastoke nature fun kayak kayaking mreznica river kajak slunj plitvice karlova\u010dka zupanija\" \/><\/figure><\/div><div class=\"swiper-slide\" role=\"group\" aria-roledescription=\"slide\" aria-label=\"14 von 18\"><figure class=\"swiper-slide-inner\"><img decoding=\"async\" class=\"swiper-slide-image\" src=\"https:\/\/rastokenf.hr\/wp-content\/uploads\/2024\/01\/Rastoke-Slunj-rafting-kayak-013.webp\" alt=\"Rastoke nature fun kayak kayaking mreznica river kajak slunj plitvice karlova\u010dka zupanija\" \/><\/figure><\/div><div class=\"swiper-slide\" role=\"group\" aria-roledescription=\"slide\" aria-label=\"15 von 18\"><figure class=\"swiper-slide-inner\"><img decoding=\"async\" class=\"swiper-slide-image\" src=\"https:\/\/rastokenf.hr\/wp-content\/uploads\/2024\/01\/Rastoke-Slunj-rafting-kayak-014.webp\" alt=\"Rastoke nature fun kayak kayaking mreznica river kajak slunj plitvice karlova\u010dka zupanija\" \/><\/figure><\/div><div class=\"swiper-slide\" role=\"group\" aria-roledescription=\"slide\" aria-label=\"16 von 18\"><figure class=\"swiper-slide-inner\"><img decoding=\"async\" class=\"swiper-slide-image\" src=\"https:\/\/rastokenf.hr\/wp-content\/uploads\/2024\/01\/Rastoke-Slunj-rafting-kayak-015.webp\" alt=\"Rastoke nature fun kayak kayaking mreznica river kajak slunj plitvice karlova\u010dka zupanija\" \/><\/figure><\/div><div class=\"swiper-slide\" role=\"group\" aria-roledescription=\"slide\" aria-label=\"17 von 18\"><figure class=\"swiper-slide-inner\"><img decoding=\"async\" class=\"swiper-slide-image\" src=\"https:\/\/rastokenf.hr\/wp-content\/uploads\/2024\/01\/Rastoke-Slunj-rafting-kayak-016.webp\" alt=\"Rastoke nature fun kayak kayaking mreznica river kajak slunj plitvice karlova\u010dka zupanija\" \/><\/figure><\/div><div class=\"swiper-slide\" role=\"group\" aria-roledescription=\"slide\" aria-label=\"18 von 18\"><figure class=\"swiper-slide-inner\"><img decoding=\"async\" class=\"swiper-slide-image\" src=\"https:\/\/rastokenf.hr\/wp-content\/uploads\/2024\/01\/Rastoke-Slunj-rafting-kayak-018.webp\" alt=\"Rastoke nature fun kayak kayaking mreznica river kajak slunj plitvice karlova\u010dka zupanija\" \/><\/figure><\/div>\t\t\t<\/div>\n\t\t\t\t\t\t\t\n\t\t\t\t\t\t\t\t\t<div class=\"swiper-pagination\"><\/div>\n\t\t\t\t\t\t\t\t\t<\/div>\n\t\t\t\t\t\t<\/div>\n\t\t\t\t<\/div>\n\t\t\t\t<\/div>\n\t\t\t\t\t<\/div>\n\t\t\t\t<\/div>\n\t\t\t\t<\/div>\n\t\t","protected":false},"excerpt":{"rendered":"<p>Unsere Galerie Kajakfahren Fluss Mre\u017enica im Naturdenkmal \u201eMre\u017enica-Tounj\u010dica\u201c Begeben Sie sich auf eine aufregende Reise durch unsere Kajak-Galerie und halten Sie das aufregende Erlebnis der Navigation auf unber\u00fchrten Fl\u00fcssen fest. Fr\u00fchlingstouren Letzte Saison<\/p>\n","protected":false},"author":1,"featured_media":0,"parent":0,"menu_order":0,"comment_status":"closed","ping_status":"closed","template":"","meta":{"site-sidebar-layout":"no-sidebar","site-content-layout":"page-builder","ast-site-content-layout":"full-width-container","site-content-style":"unboxed","site-sidebar-style":"unboxed","ast-global-header-display":"","ast-banner-title-visibility":"","ast-main-header-display":"","ast-hfb-above-header-display":"","ast-hfb-below-header-display":"","ast-hfb-mobile-header-display":"","site-post-title":"disabled","ast-breadcrumbs-content":"","ast-featured-img":"disabled","footer-sml-layout":"","ast-disable-related-posts":"","theme-transparent-header-meta":"enabled","adv-header-id-meta":"","stick-header-meta":"","header-above-stick-meta":"","header-main-stick-meta":"","header-below-stick-meta":"","astra-migrate-meta-layouts":"set","ast-page-background-enabled":"default","ast-page-background-meta":{"desktop":{"background-color":"","background-image":"","background-repeat":"repeat","background-position":"center center","background-size":"auto","background-attachment":"scroll","background-type":"","background-media":"","overlay-type":"","overlay-color":"","overlay-opacity":"","overlay-gradient":""},"tablet":{"background-color":"","background-image":"","background-repeat":"repeat","background-position":"center center","background-size":"auto","background-attachment":"scroll","background-type":"","background-media":"","overlay-type":"","overlay-color":"","overlay-opacity":"","overlay-gradient":""},"mobile":{"background-color":"","background-image":"","background-repeat":"repeat","background-position":"center center","background-size":"auto","background-attachment":"scroll","background-type":"","background-media":"","overlay-type":"","overlay-color":"","overlay-opacity":"","overlay-gradient":""}},"ast-content-background-meta":{"desktop":{"background-color":"var(--ast-global-color-5)","background-image":"","background-repeat":"repeat","background-position":"center center","background-size":"auto","background-attachment":"scroll","background-type":"","background-media":"","overlay-type":"","overlay-color":"","overlay-opacity":"","overlay-gradient":""},"tablet":{"background-color":"var(--ast-global-color-5)","background-image":"","background-repeat":"repeat","background-position":"center center","background-size":"auto","background-attachment":"scroll","background-type":"","background-media":"","overlay-type":"","overlay-color":"","overlay-opacity":"","overlay-gradient":""},"mobile":{"background-color":"var(--ast-global-color-5)","background-image":"","background-repeat":"repeat","background-position":"center center","background-size":"auto","background-attachment":"scroll","background-type":"","background-media":"","overlay-type":"","overlay-color":"","overlay-opacity":"","overlay-gradient":""}},"footnotes":""},"class_list":["post-1968","page","type-page","status-publish","hentry"],"_links":{"self":[{"href":"https:\/\/rastokenf.hr\/de\/wp-json\/wp\/v2\/pages\/1968","targetHints":{"allow":["GET"]}}],"collection":[{"href":"https:\/\/rastokenf.hr\/de\/wp-json\/wp\/v2\/pages"}],"about":[{"href":"https:\/\/rastokenf.hr\/de\/wp-json\/wp\/v2\/types\/page"}],"author":[{"embeddable":true,"href":"https:\/\/rastokenf.hr\/de\/wp-json\/wp\/v2\/users\/1"}],"replies":[{"embeddable":true,"href":"https:\/\/rastokenf.hr\/de\/wp-json\/wp\/v2\/comments?post=1968"}],"version-history":[{"count":0,"href":"https:\/\/rastokenf.hr\/de\/wp-json\/wp\/v2\/pages\/1968\/revisions"}],"wp:attachment":[{"href":"https:\/\/rastokenf.hr\/de\/wp-json\/wp\/v2\/media?parent=1968"}],"curies":[{"name":"wp","href":"https:\/\/api.w.org\/{rel}","templated":true}]}}