{"id":1972,"date":"2018-11-27T09:17:08","date_gmt":"2018-11-27T08:17:08","guid":{"rendered":"https:\/\/rastokenf.hr\/about-us\/"},"modified":"2024-04-11T23:29:17","modified_gmt":"2024-04-11T21:29:17","slug":"ueber-uns","status":"publish","type":"page","link":"https:\/\/rastokenf.hr\/de\/ueber-uns\/","title":{"rendered":"\u00dcber uns"},"content":{"rendered":"\t\t<div data-elementor-type=\"wp-post\" data-elementor-id=\"1972\" class=\"elementor elementor-1972 elementor-541\">\n\t\t\t\t<div class=\"elementor-element elementor-element-5f02ddf e-flex e-con-boxed e-con e-parent\" data-id=\"5f02ddf\" data-element_type=\"container\" data-e-type=\"container\" data-settings=\"{&quot;background_background&quot;:&quot;classic&quot;}\">\n\t\t\t\t\t<div class=\"e-con-inner\">\n\t\t<div class=\"elementor-element elementor-element-0502d81 e-con-full e-flex e-con e-child\" data-id=\"0502d81\" data-element_type=\"container\" data-e-type=\"container\">\n\t\t\t\t<div class=\"elementor-element elementor-element-03d202b elementor-widget elementor-widget-heading\" data-id=\"03d202b\" data-element_type=\"widget\" data-e-type=\"widget\" data-widget_type=\"heading.default\">\n\t\t\t\t<div class=\"elementor-widget-container\">\n\t\t\t\t\t<h1 class=\"elementor-heading-title elementor-size-default\">Wer wir sind<\/h1>\t\t\t\t<\/div>\n\t\t\t\t<\/div>\n\t\t\t\t<\/div>\n\t\t\t\t\t<\/div>\n\t\t\t\t<\/div>\n\t\t<div class=\"elementor-element elementor-element-ce23579 e-flex e-con-boxed e-con e-parent\" data-id=\"ce23579\" data-element_type=\"container\" data-e-type=\"container\">\n\t\t\t\t\t<div class=\"e-con-inner\">\n\t\t<div class=\"elementor-element elementor-element-89a7aec e-con-full e-flex e-con e-child\" data-id=\"89a7aec\" data-element_type=\"container\" data-e-type=\"container\">\n\t\t\t\t<div class=\"elementor-element elementor-element-a01f0dc elementor-widget elementor-widget-heading\" data-id=\"a01f0dc\" data-element_type=\"widget\" data-e-type=\"widget\" data-widget_type=\"heading.default\">\n\t\t\t\t<div class=\"elementor-widget-container\">\n\t\t\t\t\t<h2 class=\"elementor-heading-title elementor-size-default\">Unsere Geschichte<\/h2>\t\t\t\t<\/div>\n\t\t\t\t<\/div>\n\t\t\t\t<div class=\"elementor-element elementor-element-c43b3dd elementor-widget-divider--view-line elementor-widget elementor-widget-divider\" data-id=\"c43b3dd\" data-element_type=\"widget\" data-e-type=\"widget\" data-widget_type=\"divider.default\">\n\t\t\t\t<div class=\"elementor-widget-container\">\n\t\t\t\t\t\t\t<div class=\"elementor-divider\">\n\t\t\t<span class=\"elementor-divider-separator\">\n\t\t\t\t\t\t<\/span>\n\t\t<\/div>\n\t\t\t\t\t\t<\/div>\n\t\t\t\t<\/div>\n\t\t\t\t<div class=\"elementor-element elementor-element-e871351 elementor-widget elementor-widget-text-editor\" data-id=\"e871351\" data-element_type=\"widget\" data-e-type=\"widget\" data-widget_type=\"text-editor.default\">\n\t\t\t\t<div class=\"elementor-widget-container\">\n\t\t\t\t\t\t\t\t\t<div id=\"comp-lj90g93l\" class=\"KcpHeO tz5f0K comp-lj90g93l wixui-rich-text\" data-testid=\"richTextElement\" data-angle=\"0\" data-angle-style-location=\"style\" data-screen-in-hide=\"done\"><div id=\"comp-lj90g93l\" class=\"KcpHeO tz5f0K comp-lj90g93l wixui-rich-text\" data-testid=\"richTextElement\" data-angle=\"0\" data-angle-style-location=\"style\" data-screen-in-hide=\"done\"><p class=\"font_8 wixui-rich-text__text\">Unsere Geschichte beschr\u00e4nkt sich nicht nur auf die Liebe zum Wasser, zum Rafting und zur Natur, sondern wir k\u00f6nnen uns auch der hervorragenden Erfolge r\u00fchmen, die wir mit dem Kajak-Kanu-Club \u201eRasto\u010dki mlinari\u201c erzielt haben, und zeichnen uns durch h\u00e4ufiges Training aus ausgezeichnete Kenntnisse der lokalen Fl\u00fcsse, mit denen wir Sie verzaubern werden. Obwohl wir in Zukunft weitere Aktivit\u00e4ten anbieten m\u00f6chten, die allen Abenteurern die verborgenen Perlen dieses Reiseziels im Herzen Kroatiens n\u00e4her bringen, k\u00f6nnen Sie bis dahin Ihre Reiseleiter treffen und ein sicheres und komfortables Abenteuer erleben.<\/p><\/div><\/div>\t\t\t\t\t\t\t\t<\/div>\n\t\t\t\t<\/div>\n\t\t\t\t<\/div>\n\t\t<div class=\"elementor-element elementor-element-e8e4600 e-con-full e-flex e-con e-child\" data-id=\"e8e4600\" data-element_type=\"container\" data-e-type=\"container\">\n\t\t\t\t<div class=\"elementor-element elementor-element-6060d91 elementor-widget elementor-widget-image\" data-id=\"6060d91\" data-element_type=\"widget\" data-e-type=\"widget\" data-widget_type=\"image.default\">\n\t\t\t\t<div class=\"elementor-widget-container\">\n\t\t\t\t\t\t\t\t\t\t\t\t\t\t\t<img fetchpriority=\"high\" decoding=\"async\" width=\"644\" height=\"402\" src=\"https:\/\/rastokenf.hr\/wp-content\/uploads\/2024\/02\/Rastoke-Slunj-rafting-kayak-x2.webp\" class=\"attachment-full size-full wp-image-1362\" alt=\"Rastoke nature fun kayak kayaking mreznica river kajak slunj plitvice karlova\u010dka zupanija\" srcset=\"https:\/\/rastokenf.hr\/wp-content\/uploads\/2024\/02\/Rastoke-Slunj-rafting-kayak-x2.webp 644w, https:\/\/rastokenf.hr\/wp-content\/uploads\/2024\/02\/Rastoke-Slunj-rafting-kayak-x2-300x187.webp 300w\" sizes=\"(max-width: 644px) 100vw, 644px\" \/>\t\t\t\t\t\t\t\t\t\t\t\t\t\t\t<\/div>\n\t\t\t\t<\/div>\n\t\t\t\t<\/div>\n\t\t\t\t\t<\/div>\n\t\t\t\t<\/div>\n\t\t<div class=\"elementor-element elementor-element-14af81a e-flex e-con-boxed e-con e-parent\" data-id=\"14af81a\" data-element_type=\"container\" data-e-type=\"container\">\n\t\t\t\t\t<div class=\"e-con-inner\">\n\t\t<div class=\"elementor-element elementor-element-36e6166 e-con-full e-flex e-con e-child\" data-id=\"36e6166\" data-element_type=\"container\" data-e-type=\"container\">\n\t\t\t\t<div class=\"elementor-element elementor-element-4a6bb94 elementor-position-top elementor-widget elementor-widget-image-box\" data-id=\"4a6bb94\" data-element_type=\"widget\" data-e-type=\"widget\" data-widget_type=\"image-box.default\">\n\t\t\t\t<div class=\"elementor-widget-container\">\n\t\t\t\t\t<div class=\"elementor-image-box-wrapper\"><figure class=\"elementor-image-box-img\"><a href=\"https:\/\/www.facebook.com\/jasam.ive.3\" tabindex=\"-1\"><img decoding=\"async\" width=\"800\" height=\"800\" src=\"https:\/\/rastokenf.hr\/wp-content\/uploads\/2024\/03\/ive.webp\" class=\"attachment-full size-full wp-image-1645\" alt=\"Rastoke nature fun kayak kayaking mreznica river kajak slunj plitvice karlova\u010dka zupanija\" srcset=\"https:\/\/rastokenf.hr\/wp-content\/uploads\/2024\/03\/ive.webp 800w, https:\/\/rastokenf.hr\/wp-content\/uploads\/2024\/03\/ive-300x300.webp 300w, https:\/\/rastokenf.hr\/wp-content\/uploads\/2024\/03\/ive-150x150.webp 150w, https:\/\/rastokenf.hr\/wp-content\/uploads\/2024\/03\/ive-768x768.webp 768w\" sizes=\"(max-width: 800px) 100vw, 800px\" \/><\/a><\/figure><div class=\"elementor-image-box-content\"><h3 class=\"elementor-image-box-title\"><a href=\"https:\/\/www.facebook.com\/jasam.ive.3\">IVAN BOSANAC<\/a><\/h3><p class=\"elementor-image-box-description\">CEO &amp; Reisef\u00fchrer <br>\n  <br>\nSeit 2017 betreibe ich aktiv Wassersport. Das Training war f\u00fcr mich schon immer eine Zeit der Ruhe und eine Quelle des Spa\u00dfes, und diese Erfahrung m\u00f6chte ich nun mit anderen teilen. Ich glaube, dass die Zeit, die man in der Natur verbringt, niemals verschwendet wird. Ich glaube, dass die Verbindung mit Wasser und Natur f\u00fcr unser Wohlbefinden und unsere pers\u00f6nliche Entwicklung \u00e4u\u00dferst wichtig ist, und ich m\u00f6chte andere dazu inspirieren, sich auf dasselbe Abenteuer einzulassen.<\/p><\/div><\/div>\t\t\t\t<\/div>\n\t\t\t\t<\/div>\n\t\t\t\t<\/div>\n\t\t<div class=\"elementor-element elementor-element-56bca51 e-con-full e-flex e-con e-child\" data-id=\"56bca51\" data-element_type=\"container\" data-e-type=\"container\">\n\t\t\t\t<div class=\"elementor-element elementor-element-8400513 elementor-position-top elementor-widget elementor-widget-image-box\" data-id=\"8400513\" data-element_type=\"widget\" data-e-type=\"widget\" data-widget_type=\"image-box.default\">\n\t\t\t\t<div class=\"elementor-widget-container\">\n\t\t\t\t\t<div class=\"elementor-image-box-wrapper\"><figure class=\"elementor-image-box-img\"><a href=\"https:\/\/www.facebook.com\/antonijo.p.puskaric\" tabindex=\"-1\"><img decoding=\"async\" width=\"498\" height=\"498\" src=\"https:\/\/rastokenf.hr\/wp-content\/uploads\/2024\/03\/antonijo.webp\" class=\"attachment-full size-full wp-image-1644\" alt=\"Rastoke nature fun kayak kayaking mreznica river kajak slunj plitvice karlova\u010dka zupanija\" srcset=\"https:\/\/rastokenf.hr\/wp-content\/uploads\/2024\/03\/antonijo.webp 498w, https:\/\/rastokenf.hr\/wp-content\/uploads\/2024\/03\/antonijo-300x300.webp 300w, https:\/\/rastokenf.hr\/wp-content\/uploads\/2024\/03\/antonijo-150x150.webp 150w\" sizes=\"(max-width: 498px) 100vw, 498px\" \/><\/a><\/figure><div class=\"elementor-image-box-content\"><h3 class=\"elementor-image-box-title\"><a href=\"https:\/\/www.facebook.com\/antonijo.p.puskaric\">ANTONIJO PU\u0160KARI\u0106<\/a><\/h3><p class=\"elementor-image-box-description\">Reisef\u00fchrer <br>\n  <br>\nMeine Leidenschaft und Hingabe konzentrieren sich darauf, meine Liebe zum Wassersport mit anderen zu teilen und sie zu unglaublichen Abenteuern zu ermutigen und die unber\u00fchrte Natur zu erkunden. Mein Wissen und meine langj\u00e4hrige Erfahrung garantieren jedem Teilnehmer unvergessliche Erlebnisse voller Spannung, Freiheit und aufrichtiger Verbundenheit mit der Natur.<\/p><\/div><\/div>\t\t\t\t<\/div>\n\t\t\t\t<\/div>\n\t\t\t\t<\/div>\n\t\t<div class=\"elementor-element elementor-element-ea1b502 e-con-full e-flex e-con e-child\" data-id=\"ea1b502\" data-element_type=\"container\" data-e-type=\"container\">\n\t\t\t\t<div class=\"elementor-element elementor-element-96d8b04 elementor-position-top elementor-widget elementor-widget-image-box\" data-id=\"96d8b04\" data-element_type=\"widget\" data-e-type=\"widget\" data-widget_type=\"image-box.default\">\n\t\t\t\t<div class=\"elementor-widget-container\">\n\t\t\t\t\t<div class=\"elementor-image-box-wrapper\"><figure class=\"elementor-image-box-img\"><a href=\"https:\/\/www.facebook.com\/tin.vukosic.1\" tabindex=\"-1\"><img loading=\"lazy\" decoding=\"async\" width=\"800\" height=\"800\" src=\"https:\/\/rastokenf.hr\/wp-content\/uploads\/2024\/03\/tin.webp\" class=\"attachment-full size-full wp-image-1646\" alt=\"Rastoke nature fun kayak kayaking mreznica river kajak slunj plitvice karlova\u010dka zupanija\" srcset=\"https:\/\/rastokenf.hr\/wp-content\/uploads\/2024\/03\/tin.webp 800w, https:\/\/rastokenf.hr\/wp-content\/uploads\/2024\/03\/tin-300x300.webp 300w, https:\/\/rastokenf.hr\/wp-content\/uploads\/2024\/03\/tin-150x150.webp 150w, https:\/\/rastokenf.hr\/wp-content\/uploads\/2024\/03\/tin-768x768.webp 768w\" sizes=\"(max-width: 800px) 100vw, 800px\" \/><\/a><\/figure><div class=\"elementor-image-box-content\"><h3 class=\"elementor-image-box-title\"><a href=\"https:\/\/www.facebook.com\/tin.vukosic.1\">TIN VUKO\u0160I\u0106<\/a><\/h3><p class=\"elementor-image-box-description\">Reisef\u00fchrer <br>\n <br>\nMeine Liebe zum Wassersport inspiriert mich dazu, mein Wissen und meine Erfahrungen mit anderen zu teilen. Als Reiseleiter m\u00f6chte ich Menschen dazu ermutigen, spannende Abenteuer zu erleben, versteckte Fl\u00fcsse und erhaltene Natur zu erkunden. Mein Fachwissen und meine langj\u00e4hrige Erfahrung sorgen daf\u00fcr, dass jeder Einzelne, der an unseren Aktivit\u00e4ten teilnimmt, ein unglaubliches Abenteuer voller Adrenalin, Freiheit und echter Verbundenheit mit der Natur erlebt.<\/p><\/div><\/div>\t\t\t\t<\/div>\n\t\t\t\t<\/div>\n\t\t\t\t<\/div>\n\t\t\t\t\t<\/div>\n\t\t\t\t<\/div>\n\t\t<div class=\"elementor-element elementor-element-15abf11 e-flex e-con-boxed e-con e-parent\" data-id=\"15abf11\" data-element_type=\"container\" data-e-type=\"container\">\n\t\t\t\t\t<div class=\"e-con-inner\">\n\t\t<div class=\"elementor-element elementor-element-bf30f7b e-con-full e-flex e-con e-child\" data-id=\"bf30f7b\" data-element_type=\"container\" data-e-type=\"container\">\n\t\t\t\t<div class=\"elementor-element elementor-element-84dffc5 elementor-widget elementor-widget-heading\" data-id=\"84dffc5\" data-element_type=\"widget\" data-e-type=\"widget\" data-widget_type=\"heading.default\">\n\t\t\t\t<div class=\"elementor-widget-container\">\n\t\t\t\t\t<h4 class=\"elementor-heading-title elementor-size-default\">Au\u00dfergew\u00f6hnliche Erlebnisse<\/h4>\t\t\t\t<\/div>\n\t\t\t\t<\/div>\n\t\t\t\t<div class=\"elementor-element elementor-element-ec6b79a elementor-widget-divider--view-line elementor-widget elementor-widget-divider\" data-id=\"ec6b79a\" data-element_type=\"widget\" data-e-type=\"widget\" data-widget_type=\"divider.default\">\n\t\t\t\t<div class=\"elementor-widget-container\">\n\t\t\t\t\t\t\t<div class=\"elementor-divider\">\n\t\t\t<span class=\"elementor-divider-separator\">\n\t\t\t\t\t\t<\/span>\n\t\t<\/div>\n\t\t\t\t\t\t<\/div>\n\t\t\t\t<\/div>\n\t\t\t\t<div class=\"elementor-element elementor-element-60c87a1 elementor-widget elementor-widget-text-editor\" data-id=\"60c87a1\" data-element_type=\"widget\" data-e-type=\"widget\" data-widget_type=\"text-editor.default\">\n\t\t\t\t<div class=\"elementor-widget-container\">\n\t\t\t\t\t\t\t\t\t<p>Tauchen Sie ein in die atemberaubende Welt des Kajakfahrens und begeben Sie sich auf eine Reise, um einige der atemberaubendsten Fl\u00fcsse der Welt zu erkunden. Mit jedem Paddelschlag entdecken Sie die verborgene Sch\u00f6nheit der Natur aus einer wirklich einzigartigen Perspektive.<\/p>\t\t\t\t\t\t\t\t<\/div>\n\t\t\t\t<\/div>\n\t\t\t\t<div class=\"elementor-element elementor-element-106f533 elementor-widget elementor-widget-text-editor\" data-id=\"106f533\" data-element_type=\"widget\" data-e-type=\"widget\" data-widget_type=\"text-editor.default\">\n\t\t\t\t<div class=\"elementor-widget-container\">\n\t\t\t\t\t\t\t\t\t<p>Egal, ob Sie ein erfahrener Paddler sind, der neue Herausforderungen sucht, oder ein Abenteurer, der zum ersten Mal mit dem Paddel in unbekannte Gew\u00e4sser vordringt, unsere Kajakausfl\u00fcge garantieren unvergessliche Momente voller Adrenalinsch\u00fcbe und Erinnerungen, die noch lange nach dem Ende der Reise nachklingen werden.<\/p>\t\t\t\t\t\t\t\t<\/div>\n\t\t\t\t<\/div>\n\t\t\t\t<\/div>\n\t\t<div class=\"elementor-element elementor-element-84fc39e e-con-full e-flex e-con e-child\" data-id=\"84fc39e\" data-element_type=\"container\" data-e-type=\"container\">\n\t\t\t\t<div class=\"elementor-element elementor-element-4a23b7b elementor-widget elementor-widget-heading\" data-id=\"4a23b7b\" data-element_type=\"widget\" data-e-type=\"widget\" data-widget_type=\"heading.default\">\n\t\t\t\t<div class=\"elementor-widget-container\">\n\t\t\t\t\t<h4 class=\"elementor-heading-title elementor-size-default\">Unsere Grundwerte<\/h4>\t\t\t\t<\/div>\n\t\t\t\t<\/div>\n\t\t\t\t<div class=\"elementor-element elementor-element-fd6eea6 elementor-widget-divider--view-line elementor-widget elementor-widget-divider\" data-id=\"fd6eea6\" data-element_type=\"widget\" data-e-type=\"widget\" data-widget_type=\"divider.default\">\n\t\t\t\t<div class=\"elementor-widget-container\">\n\t\t\t\t\t\t\t<div class=\"elementor-divider\">\n\t\t\t<span class=\"elementor-divider-separator\">\n\t\t\t\t\t\t<\/span>\n\t\t<\/div>\n\t\t\t\t\t\t<\/div>\n\t\t\t\t<\/div>\n\t\t\t\t<div class=\"elementor-element elementor-element-6e341fb elementor-widget elementor-widget-text-editor\" data-id=\"6e341fb\" data-element_type=\"widget\" data-e-type=\"widget\" data-widget_type=\"text-editor.default\">\n\t\t\t\t<div class=\"elementor-widget-container\">\n\t\t\t\t\t\t\t\t\t<p>Wir glauben daran, immersive Erlebnisse zu bieten, die nicht nur begeistern, sondern auch lehren und inspirieren. Unser Team setzt sich daf\u00fcr ein, eine Kultur der Inklusion zu f\u00f6rdern, in der sich jeder gest\u00e4rkt f\u00fchlen kann, die Natur zu erkunden und mit ihr in Kontakt zu treten. Wir werden angetrieben von:<\/p>\t\t\t\t\t\t\t\t<\/div>\n\t\t\t\t<\/div>\n\t\t\t\t<div class=\"elementor-element elementor-element-6ec43df elementor-icon-list--layout-traditional elementor-list-item-link-full_width elementor-widget elementor-widget-icon-list\" data-id=\"6ec43df\" data-element_type=\"widget\" data-e-type=\"widget\" data-widget_type=\"icon-list.default\">\n\t\t\t\t<div class=\"elementor-widget-container\">\n\t\t\t\t\t\t\t<ul class=\"elementor-icon-list-items\">\n\t\t\t\t\t\t\t<li class=\"elementor-icon-list-item\">\n\t\t\t\t\t\t\t\t\t\t\t<span class=\"elementor-icon-list-icon\">\n\t\t\t\t\t\t\t<svg aria-hidden=\"true\" class=\"e-font-icon-svg e-fas-minus\" viewBox=\"0 0 448 512\" xmlns=\"http:\/\/www.w3.org\/2000\/svg\"><path d=\"M416 208H32c-17.67 0-32 14.33-32 32v32c0 17.67 14.33 32 32 32h384c17.67 0 32-14.33 32-32v-32c0-17.67-14.33-32-32-32z\"><\/path><\/svg>\t\t\t\t\t\t<\/span>\n\t\t\t\t\t\t\t\t\t\t<span class=\"elementor-icon-list-text\">Leidenschaft f\u00fcr Abenteuer<\/span>\n\t\t\t\t\t\t\t\t\t<\/li>\n\t\t\t\t\t\t\t\t<li class=\"elementor-icon-list-item\">\n\t\t\t\t\t\t\t\t\t\t\t<span class=\"elementor-icon-list-icon\">\n\t\t\t\t\t\t\t<svg aria-hidden=\"true\" class=\"e-font-icon-svg e-fas-minus\" viewBox=\"0 0 448 512\" xmlns=\"http:\/\/www.w3.org\/2000\/svg\"><path d=\"M416 208H32c-17.67 0-32 14.33-32 32v32c0 17.67 14.33 32 32 32h384c17.67 0 32-14.33 32-32v-32c0-17.67-14.33-32-32-32z\"><\/path><\/svg>\t\t\t\t\t\t<\/span>\n\t\t\t\t\t\t\t\t\t\t<span class=\"elementor-icon-list-text\">Engagement f\u00fcr Sicherheit<\/span>\n\t\t\t\t\t\t\t\t\t<\/li>\n\t\t\t\t\t\t\t\t<li class=\"elementor-icon-list-item\">\n\t\t\t\t\t\t\t\t\t\t\t<span class=\"elementor-icon-list-icon\">\n\t\t\t\t\t\t\t<svg aria-hidden=\"true\" class=\"e-font-icon-svg e-fas-minus\" viewBox=\"0 0 448 512\" xmlns=\"http:\/\/www.w3.org\/2000\/svg\"><path d=\"M416 208H32c-17.67 0-32 14.33-32 32v32c0 17.67 14.33 32 32 32h384c17.67 0 32-14.33 32-32v-32c0-17.67-14.33-32-32-32z\"><\/path><\/svg>\t\t\t\t\t\t<\/span>\n\t\t\t\t\t\t\t\t\t\t<span class=\"elementor-icon-list-text\">tiefer Respekt vor der Natur<\/span>\n\t\t\t\t\t\t\t\t\t<\/li>\n\t\t\t\t\t\t\t\t<li class=\"elementor-icon-list-item\">\n\t\t\t\t\t\t\t\t\t\t\t<span class=\"elementor-icon-list-icon\">\n\t\t\t\t\t\t\t<svg aria-hidden=\"true\" class=\"e-font-icon-svg e-fas-minus\" viewBox=\"0 0 448 512\" xmlns=\"http:\/\/www.w3.org\/2000\/svg\"><path d=\"M416 208H32c-17.67 0-32 14.33-32 32v32c0 17.67 14.33 32 32 32h384c17.67 0 32-14.33 32-32v-32c0-17.67-14.33-32-32-32z\"><\/path><\/svg>\t\t\t\t\t\t<\/span>\n\t\t\t\t\t\t\t\t\t\t<span class=\"elementor-icon-list-text\">Integrit\u00e4t und Professionalit\u00e4t<\/span>\n\t\t\t\t\t\t\t\t\t<\/li>\n\t\t\t\t\t\t<\/ul>\n\t\t\t\t\t\t<\/div>\n\t\t\t\t<\/div>\n\t\t\t\t<\/div>\n\t\t\t\t\t<\/div>\n\t\t\t\t<\/div>\n\t\t\t\t<\/div>\n\t\t","protected":false},"excerpt":{"rendered":"<p>Wer wir sind Unsere Geschichte Unsere Geschichte beschr\u00e4nkt sich nicht nur auf die Liebe zum Wasser, zum Rafting und zur Natur, sondern wir k\u00f6nnen uns auch der hervorragenden Erfolge r\u00fchmen, die wir mit dem Kajak-Kanu-Club \u201eRasto\u010dki mlinari\u201c erzielt haben, und zeichnen uns durch h\u00e4ufiges Training aus ausgezeichnete Kenntnisse der lokalen Fl\u00fcsse, mit denen wir Sie [&hellip;]<\/p>\n","protected":false},"author":1,"featured_media":0,"parent":0,"menu_order":0,"comment_status":"closed","ping_status":"closed","template":"","meta":{"site-sidebar-layout":"no-sidebar","site-content-layout":"page-builder","ast-site-content-layout":"full-width-container","site-content-style":"unboxed","site-sidebar-style":"unboxed","ast-global-header-display":"","ast-banner-title-visibility":"","ast-main-header-display":"","ast-hfb-above-header-display":"","ast-hfb-below-header-display":"","ast-hfb-mobile-header-display":"","site-post-title":"disabled","ast-breadcrumbs-content":"","ast-featured-img":"disabled","footer-sml-layout":"","ast-disable-related-posts":"","theme-transparent-header-meta":"enabled","adv-header-id-meta":"","stick-header-meta":"","header-above-stick-meta":"","header-main-stick-meta":"","header-below-stick-meta":"","astra-migrate-meta-layouts":"set","ast-page-background-enabled":"default","ast-page-background-meta":{"desktop":{"background-color":"","background-image":"","background-repeat":"repeat","background-position":"center center","background-size":"auto","background-attachment":"scroll","background-type":"","background-media":"","overlay-type":"","overlay-color":"","overlay-opacity":"","overlay-gradient":""},"tablet":{"background-color":"","background-image":"","background-repeat":"repeat","background-position":"center center","background-size":"auto","background-attachment":"scroll","background-type":"","background-media":"","overlay-type":"","overlay-color":"","overlay-opacity":"","overlay-gradient":""},"mobile":{"background-color":"","background-image":"","background-repeat":"repeat","background-position":"center center","background-size":"auto","background-attachment":"scroll","background-type":"","background-media":"","overlay-type":"","overlay-color":"","overlay-opacity":"","overlay-gradient":""}},"ast-content-background-meta":{"desktop":{"background-color":"var(--ast-global-color-5)","background-image":"","background-repeat":"repeat","background-position":"center center","background-size":"auto","background-attachment":"scroll","background-type":"","background-media":"","overlay-type":"","overlay-color":"","overlay-opacity":"","overlay-gradient":""},"tablet":{"background-color":"var(--ast-global-color-5)","background-image":"","background-repeat":"repeat","background-position":"center center","background-size":"auto","background-attachment":"scroll","background-type":"","background-media":"","overlay-type":"","overlay-color":"","overlay-opacity":"","overlay-gradient":""},"mobile":{"background-color":"var(--ast-global-color-5)","background-image":"","background-repeat":"repeat","background-position":"center center","background-size":"auto","background-attachment":"scroll","background-type":"","background-media":"","overlay-type":"","overlay-color":"","overlay-opacity":"","overlay-gradient":""}},"footnotes":""},"class_list":["post-1972","page","type-page","status-publish","hentry"],"_links":{"self":[{"href":"https:\/\/rastokenf.hr\/de\/wp-json\/wp\/v2\/pages\/1972","targetHints":{"allow":["GET"]}}],"collection":[{"href":"https:\/\/rastokenf.hr\/de\/wp-json\/wp\/v2\/pages"}],"about":[{"href":"https:\/\/rastokenf.hr\/de\/wp-json\/wp\/v2\/types\/page"}],"author":[{"embeddable":true,"href":"https:\/\/rastokenf.hr\/de\/wp-json\/wp\/v2\/users\/1"}],"replies":[{"embeddable":true,"href":"https:\/\/rastokenf.hr\/de\/wp-json\/wp\/v2\/comments?post=1972"}],"version-history":[{"count":0,"href":"https:\/\/rastokenf.hr\/de\/wp-json\/wp\/v2\/pages\/1972\/revisions"}],"wp:attachment":[{"href":"https:\/\/rastokenf.hr\/de\/wp-json\/wp\/v2\/media?parent=1972"}],"curies":[{"name":"wp","href":"https:\/\/api.w.org\/{rel}","templated":true}]}}