{"id":1957,"date":"2024-03-07T20:22:40","date_gmt":"2024-03-07T19:22:40","guid":{"rendered":"https:\/\/rastokenf.hr\/privacy-policy\/"},"modified":"2025-07-27T15:54:23","modified_gmt":"2025-07-27T13:54:23","slug":"pravila-privatnosti","status":"publish","type":"page","link":"https:\/\/rastokenf.hr\/hr\/pravila-privatnosti\/","title":{"rendered":"Pravila privatnosti"},"content":{"rendered":"\t\t<div data-elementor-type=\"wp-page\" data-elementor-id=\"1957\" class=\"elementor elementor-1957 elementor-1728\">\n\t\t\t\t<div class=\"elementor-element elementor-element-fc2602f e-flex e-con-boxed e-con e-parent\" data-id=\"fc2602f\" data-element_type=\"container\" data-e-type=\"container\" data-settings=\"{&quot;background_background&quot;:&quot;classic&quot;}\">\n\t\t\t\t\t<div class=\"e-con-inner\">\n\t\t<div class=\"elementor-element elementor-element-9fd7d08 e-con-full e-flex e-con e-child\" data-id=\"9fd7d08\" data-element_type=\"container\" data-e-type=\"container\">\n\t\t\t\t<div class=\"elementor-element elementor-element-f1e3732 elementor-widget elementor-widget-heading\" data-id=\"f1e3732\" data-element_type=\"widget\" data-e-type=\"widget\" data-widget_type=\"heading.default\">\n\t\t\t\t<div class=\"elementor-widget-container\">\n\t\t\t\t\t<h1 class=\"elementor-heading-title elementor-size-default\">Pravila privatnosti<\/h1>\t\t\t\t<\/div>\n\t\t\t\t<\/div>\n\t\t\t\t<\/div>\n\t\t\t\t\t<\/div>\n\t\t\t\t<\/div>\n\t\t<div class=\"elementor-element elementor-element-0983d36 e-flex e-con-boxed e-con e-parent\" data-id=\"0983d36\" data-element_type=\"container\" data-e-type=\"container\" data-settings=\"{&quot;background_background&quot;:&quot;classic&quot;}\">\n\t\t\t\t\t<div class=\"e-con-inner\">\n\t\t\t\t<div class=\"elementor-element elementor-element-3b69c9d elementor-widget elementor-widget-text-editor\" data-id=\"3b69c9d\" data-element_type=\"widget\" data-e-type=\"widget\" data-widget_type=\"text-editor.default\">\n\t\t\t\t<div class=\"elementor-widget-container\">\n\t\t\t\t\t\t\t\t\t<p class=\"font_0 wixui-rich-text__text\"><strong><span class=\"wixui-rich-text__text\">Politika privatnosti<\/span><\/strong><\/p><div id=\"comp-ljkhhm553\" class=\"KcpHeO tz5f0K comp-ljkhhm553 wixui-rich-text\" data-testid=\"richTextElement\"><p class=\"font_8 wixui-rich-text__text\">RASTOKE NATURE FUN, obrt za zabavu i rekreaciju, vl. Ivan Bosanac, Podmelnica 8, 47240 Slunj, Hrvatska, OIB: 01374510399, MB: 98576127\u00a0 (u daljnjem tekstu: RASTOKE NATURE FUN) po\u0161tuje Va\u0161u privatnost i sigurnost Va\u0161ih osobnih podataka. Prikupljanje, kori\u0161tenje i obrada Va\u0161ih osobnih podataka provodi se u skladu s ovom Politikom privatnosti te odredbama Zakona o za\u0161titi privatnih podataka (NN 103\/03, 118\/06, 41\/08, 130\/11, 106\/12), odnosno drugih va\u017ee\u0107ih propisa primjenjivih u Republici Hrvatskoj, koji ure\u0111uju za\u0161titu osobnih podataka.<\/p><p class=\"font_8 wixui-rich-text__text\">Privatnost na\u0161ih klijenata izrazito nam je va\u017ena i \u010dinimo sve kako bismo sa\u010duvali povjerljivost njihovih podataka. Molimo vas da politiku za\u0161tite osobnih podataka povremeno provjerite s obzirom na mogu\u0107e izmjene.<\/p><p class=\"font_8 wixui-rich-text__text\"><strong><span class=\"wixui-rich-text__text\">Privola korisnika i odustanak<\/span><\/strong><\/p><p class=\"font_8 wixui-rich-text__text\">RASTOKE NATURE FUN prikuplja osobne podatke korisnika koje oni dobrovoljno daju. Smatra se da je prihva\u0107anjem Uvjeta kori\u0161tenja RASTOKE NATURE FUN, a \u010diji sastavni dio \u010dini i ova Izjava o privatnosti i za\u0161titi podataka, korisnik kao svoju privolu i izri\u010dito o\u010ditovao svoju volju kojom oni izra\u017eavaju svoju suglasnost s obradom njegovih osobnih podataka u svrhe kori\u0161tenja usluga koje nudi RASTOKE NATURE FUN. Korisnik u svako doba mo\u017ee povu\u0107i svoju privolu pisanom obavijesti.<\/p><p class=\"font_8 wixui-rich-text__text\"><strong><span class=\"wixui-rich-text__text\">Voditelj obrade podataka<\/span><\/strong><\/p><p class=\"font_8 wixui-rich-text__text\">RASTOKE NATURE FUN je voditelj obrade va\u0161ih osobnih podataka.<\/p><p class=\"font_8 wixui-rich-text__text\">Politika privatnosti se primjenjuje na sve osobne podatke korisnika koje prikupljamo i obra\u0111ujemo, izravno ili putem svojih partnera.<\/p><p class=\"font_8 wixui-rich-text__text\">Osobni podatak je svaki podatak koji se odnosi na fizi\u010dku osobu \u010diji je identitet utvr\u0111en ili se mo\u017ee utvrditi, izravno ili neizravno.<br class=\"wixui-rich-text__text\" \/>Obrada podataka je bilo koja radnja izvr\u0161ena na osobnim podacima, poput primjerice prikupljanja, pohrane, upotrebe, uvida i prijenosa osobnih podataka.<br class=\"wixui-rich-text__text\" \/>Ova Politika se ne primjenjuje na anonimne podatke. Anonimni podatak je podatak koji se ne mo\u017ee povezati s odre\u0111enom fizi\u010dkom osobom.<\/p><p class=\"font_8 wixui-rich-text__text\"><strong><span class=\"wixui-rich-text__text\">Koja vrsta podataka se prikuplja?<\/span><\/strong><\/p><p class=\"font_8 wixui-rich-text__text\">RASTOKE NATURE FUN prikuplja sve osobne podatke koji se akumuliraju kada korisnici koriste usluge ponu\u0111ene od RASTOKE NATURE FUN (Internet stranica) i komuniciraju s RASTOKE NATURE FUN. Prikupljaju se samo oni osobni podaci koji su bitni za postizanje svrhe radi koje korisnici koriste ponu\u0111ene usluge i njihov opseg ne\u0107e biti ve\u0107i od onoga \u0161to je nu\u017eno da bi se postigla takva svrha.<\/p><p class=\"font_8 wixui-rich-text__text\">Navedeno uklju\u010duje:<br class=\"wixui-rich-text__text\" \/>Podatke koje korisnici unesu putem online formulara ili koje oni unesu na drugi na\u010din dok koriste usluge RASTOKE NATURE FUN (primjerice, telefonom ili elektroni\u010dkom po\u0161tom) uklju\u010duju\u0107i i osobne podatke (ime, adresu, telefonski broj, datum ro\u0111enja, spol, sredstvo pla\u0107anja, itd.), korisni\u010dki podaci koji su poslani ili automatski generirani (primjerice, datum i vrijeme kori\u0161tenja usluge, aktualna i prethodno kori\u0161tena stranica, IP adresa, podaci koji se odnose na kori\u0161teni preglednik, \u0161ifra naprave, aktualnu lokaciju, ako su takve informacije dane, itd.), kao i interakcijski podaci ako su dostupni bez instalacije dodatnih programa na kompjuteru (primjerice, pokreti mi\u0161em i klikovi ili stiskanjem tipki tastature na Internet stranici), osobni podaci koje generira RASTOKE NATURE FUN ili tre\u0107e osobe (primjerice \u0161ifre), korespondencija i druga komunikacija s korisnicima (primjerice, elektroni\u010dka po\u0161ta, telefonski razgovori, koji mogu biti snimani ako je potrebno).<\/p><p class=\"font_8 wixui-rich-text__text\"><strong><span class=\"wixui-rich-text__text\">Svrha obrade podataka<\/span><\/strong><\/p><p class=\"font_8 wixui-rich-text__text\">RASTOKE NATURE FUN mo\u017ee koristiti korisni\u010dke podatke koje prikupi ili koji se za njega prikupe u sljede\u0107e svrhe:<\/p><ul><li class=\"font_8 wixui-rich-text__text\">Pribavljanje usluga koje nudi RASTOKE NATURE FUN<\/li><li class=\"font_8 wixui-rich-text__text\">Pripreme raznih vrsta statistika koji se odnose na, primjerice, koli\u010dinu pokazanog interesa korisnika za proizvod i usporedbu usluga ili za druge usluge koje RASTOKE NATURE FUN nudi,<\/li><li class=\"font_8 wixui-rich-text__text\">Interni trening i kontrola kvalitete,<\/li><li class=\"font_8 wixui-rich-text__text\">Odr\u017eavanja i razvoja odnosa s klijentima,<\/li><li class=\"font_8 wixui-rich-text__text\">Garancije sigurnosti i dostupnosti sustava i podataka RASTOKE NATURE FUN te njegovih pru\u017eatelja usluga,<\/li><li class=\"font_8 wixui-rich-text__text\">Korporativne transakcije koje izvr\u0161i RASTOKE NATURE FUN, a koje mogu imati utjecaj na korisni\u010dke podatke,<\/li><li class=\"font_8 wixui-rich-text__text\">Prevencije, otkrivanja i spre\u010davanja bilo kakve zlouporabe,<\/li><li class=\"font_8 wixui-rich-text__text\">Odgovaranje na opravdane slu\u017ebene upite ili upite u svezi s dokazivanjem tu\u017ebi ili drugih pravnih sporova koji se ti\u010du RASTOKE NATURE FUN ili u kojima RASTOKE NATURE FUN sudjeluje.<\/li><\/ul><p class=\"font_8 wixui-rich-text__text\">Daljnje svrhe mogu proiza\u0107i iz danih okolnosti ili zakonskih obveza, ili mogu biti potrebne u sklopu prikupljanja odgovaraju\u0107ih podataka.<\/p><p class=\"font_8 wixui-rich-text__text\"><strong><span class=\"wixui-rich-text__text\">Bro\u0161ure, komercijalna komunikacija<\/span><\/strong><\/p><p class=\"font_8 wixui-rich-text__text\">U svezi s uslugama koje nudi RASTOKE NATURE FUN, isti mo\u017ee periodi\u010dno slati bro\u0161ure ili druge sadr\u017eaje (komercijalne prirode) na adresu ili broj bilo kojeg korisnika koji je registrirao svoju adresu elektroni\u010dke po\u0161te ili bilo koju drugu elektroni\u010dku adresu ili broj mobilnog telefona pri RASTOKE NATURE FUN. Svojom registracijom, korisnici daju svoju suglasnost na primanje takvih bro\u0161ura i sadr\u017eaja. Me\u0111utim, oni mogu obavijestiti RASTOKE NATURE FUN u bilo koje vrijeme i bez naplate da ne \u017eele vi\u0161e primati ili biti obavije\u0161teni o gore navedenom.<\/p><p class=\"font_8 wixui-rich-text__text\"><strong><span class=\"wixui-rich-text__text\">Proslje\u0111uju li se neki podaci tre\u0107im stranama?<\/span><\/strong><\/p><p class=\"font_8 wixui-rich-text__text\">Uz dolje navedene iznimke, RASTOKE NATURE FUN na\u010delno ne proslje\u0111uje nikakve osobne podatke tre\u0107im osobama:<\/p><p class=\"font_8 wixui-rich-text__text\">RASTOKE NATURE FUN mo\u017ee pozvati tre\u0107e osobe da obrade osobne podatke u ime i isklju\u010divo u svrhu poslovanja RASTOKE NATURE FUN (npr. Institucije za istra\u017eivanje tr\u017ei\u0161ta). RASTOKE NATURE FUN \u0107e primijeniti odgovaraju\u0107e mjere kako bi osigurao da takva tre\u0107a osoba obra\u0111uje podatke isklju\u010divo na na\u010din na koji je RASTOKE NATURE FUN ovla\u0161ten da ih obra\u0111uje; RASTOKE NATURE FUN mo\u017ee iznositi osobne podatke tre\u0107im osobama ako njegov korisnik tako zatra\u017ei (registracijom, zahtjevom za ponudom, itd.), ako je to ina\u010de potrebno da bi se pru\u017eila usluga zahtijevana od korisnika ili ako je RASTOKE NATURE FUN izri\u010dito obavijestio korisnika o \u010dinjenici da \u0107e se njegovi\/njezini podaci iznijeti. U iznimnim slu\u010dajevima (npr. zlouporaba), podaci korisnika mogu se iznijeti i tre\u0107im osobama za druge svrhe navedene u ovoj izjavi o privatnosti podataka ili radi svrhe predvi\u0111ene zakonom. RASTOKE NATURE FUN ne mo\u017ee kontrolirati, garantirati ili jam\u010diti da se tre\u0107e osobe pridr\u017eavaju pravila o za\u0161titi podataka koja se primjenjuju na RASTOKE NATURE FUN; oni obra\u0111uju podatke u svoje svrhe, mogu\u0107e i u inozemstvu gdje se primjenjuju druk\u010diji propisi. RASTOKE NATURE FUN mo\u017ee iznositi osobne podatke tre\u0107im osobama ako je tako predvi\u0111eno temeljem zakona. Nadalje, RASTOKE NATURE FUN mo\u017ee tre\u0107im osobama iznijeti anonimizirane podatke korisnika. Takvi podaci imaju formu koja ne dopu\u0161ta tre\u0107im osobama da saznaju identitet doti\u010dnih korisnika ili to nije vjerojatno. Svi djelatnici RASTOKE NATURE FUN i poslovni partneri odgovorni su za po\u0161tivanje na\u010dela za\u0161tite privatnosti putem ugovornih odnosa za RASTOKE NATURE FUN i povezanim dru\u0161tvima.<\/p><p class=\"font_8 wixui-rich-text__text\"><strong><span class=\"wixui-rich-text__text\">Gdje i kako se \u010duvaju podaci?<\/span><\/strong><\/p><p class=\"font_8 wixui-rich-text__text\">U kontekstu spremanja ili obrade podataka korisnika na drugi na\u010din, RASTOKE NATURE FUN \u0107e primijeniti odgovaraju\u0107e tehni\u010dke i organizacijske mjere kako bi sprije\u010dili neovla\u0161tenu ili na drugi na\u010din nezajam\u010denu obradu. Takve mjere podvrgnute su redovitoj kontroli i po potrebi se mijenjaju. To se tako\u0111er primjenjuje i na tre\u0107e osobe zadu\u017eene za vo\u0111enje sustava.<br class=\"wixui-rich-text__text\" \/>Osobni podaci \u010duvaju se u obliku koji dopu\u0161ta identifikaciju korisnika i ne du\u017ee no \u0161to je to potrebno za svrhu u koju se podaci prikupljaju ili dalje obra\u0111uju.<br class=\"wixui-rich-text__text\" \/>Koristimo razne sigurnosne mjere, uklju\u010duju\u0107i enkripciju i autentifikaciju, kako bismo za\u0161titili i odr\u017eali sigurnost, integritet i dostupnost va\u0161ih podataka.<\/p><p class=\"font_8 wixui-rich-text__text\">Izme\u0111u ostalog, koristimo i sljede\u0107e mjere:<\/p><ul><li class=\"font_8 wixui-rich-text__text\">strogo ograni\u010den osobni pristup va\u0161im podacima po na\u010delu \u201enu\u017enog poznavanja\u201c te isklju\u010divo u svrhe o kojoj ste informirani,<\/li><li class=\"font_8 wixui-rich-text__text\">sigurni prijenos prikupljenih podataka,<\/li><li class=\"font_8 wixui-rich-text__text\">trajno pra\u0107enje pristupa IT sustavima radi detekcije i sprje\u010davanja zlouporabe osobnih podataka.<\/li><\/ul><p class=\"font_8 wixui-rich-text__text\"><strong><span class=\"wixui-rich-text__text\">Koliko dugo zadr\u017eavamo va\u0161e podatke<\/span><\/strong><\/p><p class=\"font_8 wixui-rich-text__text\">Osobne podatke pohranjujemo i obra\u0111ujemo samo onoliko dugo koliko je potrebno za izvr\u0161enje odre\u0111ene legitimne svrhe, osim ako va\u017ee\u0107im propisima nije za pojedinu svrhu predvi\u0111eno du\u017ee vrijeme \u010duvanja. U slu\u010daju davanja privole za marketing, podatke \u010duvamo onoliko dugo dok se privola ne povu\u010de. U slu\u010daju odbijenih ponuda, gdje nije dana privola za marketing, podatke vezane uz ponudu \u010duvamo godinu dana, a u slu\u010daju da nas zatra\u017eite brisanje, isti \u0107e biti odmah obrisani.<\/p><p class=\"font_8 wixui-rich-text__text\">Osobni podaci koji vi\u0161e nisu potrebni se ili nepovratno anonimiziraju ili se uni\u0161tavaju na siguran na\u010din.<\/p><p class=\"font_8 wixui-rich-text__text\"><strong><span class=\"wixui-rich-text__text\">Pitanja i prijedlozi, zahtjevi za informacijama, ispravkama ili brisanjima<\/span><\/strong><\/p><p class=\"font_8 wixui-rich-text__text\">Korisnik ima pravo u svako doba odustati od privole dane za obradu osobnih podataka i zatra\u017eiti prestanak daljnje obrade njegovih podataka, osim ako se radi o obradi podataka u statisti\u010dke svrhe, kada osobni podaci vi\u0161e ne omogu\u0107uju identifikaciju osobe na koju se odnose. Korisnik tako\u0111er ima pravo zatra\u017eiti ispravak ili izmjenu osobnih podataka koje je dao na obradu. Odustanak od privole ili zahtjev za ispravkom ili izmjenom osobnih podataka dostavlja se pisano putem elektroni\u010dke po\u0161te na\u00a0<a class=\"wixui-rich-text__text\" href=\"https:\/\/web.archive.org\/web\/20250327101016\/mailto:info.rastokenf@gmail.com\" data-auto-recognition=\"true\">info.rastokenf@gmail.com<\/a>\u00a0ili na po\u0161tansku adresu: Podmelnica 8, 47240 Slunj. Korisnik se ima pravo izri\u010dito usprotiviti obradi svojih osobnih podataka u svrhe marketinga i u tom se slu\u010daju osobni podaci koji se na njega odnose ne\u0107e obra\u0111ivati u tu svrhu. Protivljenje obradi osobnih podataka u svrhe marketinga korisnik \u0107e dostaviti pisano putem elektroni\u010dke po\u0161te na\u00a0<a class=\"wixui-rich-text__text\" href=\"https:\/\/web.archive.org\/web\/20250327101016\/mailto:info.rastokenf@gmail.com\" data-auto-recognition=\"true\">info.rastokenf@gmail.com<\/a>, ili na po\u0161tansku adresu, Podmelnica 8, 47240 Slunj. Sva ostala pitanja, prijedlozi i komentari u vezi s obradom osobnih podataka dobrodo\u0161li su.<\/p><p class=\"font_8 wixui-rich-text__text\">Svatko tko smatra da mu je povrije\u0111eno neko pravo zajam\u010deno ovim Zakonom, mo\u017ee podnijeti zahtjev za utvr\u0111ivanje povrede prava Agenciji za za\u0161titu osobnih podataka.<\/p><p class=\"font_8 wixui-rich-text__text\"><span class=\"wixGuard wixui-rich-text__text\">\u200b<\/span>Kontakt podaci slu\u017ebenika za za\u0161titu osobnih podataka:<br class=\"wixui-rich-text__text\" \/><a href=\"https:\/\/web.archive.org\/web\/20250327101016\/mailto:info.rastokenf@gmail.com\">info.rastokenf@gmail.com<\/a><br \/>+385 95 368 3525<\/p><p class=\"font_8 wixui-rich-text__text\"><span class=\"wixGuard wixui-rich-text__text\">\u200b<\/span>RASTOKE NATURE FUN<br \/>obrt za zabavu i rekreaciju, vl. Ivan Bosanac<br \/>Podmelnica 8, 47240 Slunj, Hrvatska<br \/>OIB: 01374510399<br \/>MB: 98576127<\/p><\/div>\t\t\t\t\t\t\t\t<\/div>\n\t\t\t\t<\/div>\n\t\t\t\t\t<\/div>\n\t\t\t\t<\/div>\n\t\t\t\t<\/div>\n\t\t","protected":false},"excerpt":{"rendered":"<p>Pravila privatnosti Politika privatnosti RASTOKE NATURE FUN, obrt za zabavu i rekreaciju, vl. Ivan Bosanac, Podmelnica 8, 47240 Slunj, Hrvatska, OIB: 01374510399, MB: 98576127\u00a0 (u daljnjem tekstu: RASTOKE NATURE FUN) po\u0161tuje Va\u0161u privatnost i sigurnost Va\u0161ih osobnih podataka. Prikupljanje, kori\u0161tenje i obrada Va\u0161ih osobnih podataka provodi se u skladu s ovom Politikom privatnosti te odredbama [&hellip;]<\/p>\n","protected":false},"author":1,"featured_media":0,"parent":0,"menu_order":0,"comment_status":"closed","ping_status":"closed","template":"elementor_header_footer","meta":{"site-sidebar-layout":"no-sidebar","site-content-layout":"page-builder","ast-site-content-layout":"full-width-container","site-content-style":"default","site-sidebar-style":"default","ast-global-header-display":"","ast-banner-title-visibility":"","ast-main-header-display":"","ast-hfb-above-header-display":"","ast-hfb-below-header-display":"","ast-hfb-mobile-header-display":"","site-post-title":"disabled","ast-breadcrumbs-content":"","ast-featured-img":"disabled","footer-sml-layout":"","ast-disable-related-posts":"","theme-transparent-header-meta":"","adv-header-id-meta":"","stick-header-meta":"","header-above-stick-meta":"","header-main-stick-meta":"","header-below-stick-meta":"","astra-migrate-meta-layouts":"set","ast-page-background-enabled":"default","ast-page-background-meta":{"desktop":{"background-color":"","background-image":"","background-repeat":"repeat","background-position":"center center","background-size":"auto","background-attachment":"scroll","background-type":"","background-media":"","overlay-type":"","overlay-color":"","overlay-opacity":"","overlay-gradient":""},"tablet":{"background-color":"","background-image":"","background-repeat":"repeat","background-position":"center center","background-size":"auto","background-attachment":"scroll","background-type":"","background-media":"","overlay-type":"","overlay-color":"","overlay-opacity":"","overlay-gradient":""},"mobile":{"background-color":"","background-image":"","background-repeat":"repeat","background-position":"center center","background-size":"auto","background-attachment":"scroll","background-type":"","background-media":"","overlay-type":"","overlay-color":"","overlay-opacity":"","overlay-gradient":""}},"ast-content-background-meta":{"desktop":{"background-color":"var(--ast-global-color-5)","background-image":"","background-repeat":"repeat","background-position":"center center","background-size":"auto","background-attachment":"scroll","background-type":"","background-media":"","overlay-type":"","overlay-color":"","overlay-opacity":"","overlay-gradient":""},"tablet":{"background-color":"var(--ast-global-color-5)","background-image":"","background-repeat":"repeat","background-position":"center center","background-size":"auto","background-attachment":"scroll","background-type":"","background-media":"","overlay-type":"","overlay-color":"","overlay-opacity":"","overlay-gradient":""},"mobile":{"background-color":"var(--ast-global-color-5)","background-image":"","background-repeat":"repeat","background-position":"center center","background-size":"auto","background-attachment":"scroll","background-type":"","background-media":"","overlay-type":"","overlay-color":"","overlay-opacity":"","overlay-gradient":""}},"footnotes":""},"class_list":["post-1957","page","type-page","status-publish","hentry"],"_links":{"self":[{"href":"https:\/\/rastokenf.hr\/hr\/wp-json\/wp\/v2\/pages\/1957","targetHints":{"allow":["GET"]}}],"collection":[{"href":"https:\/\/rastokenf.hr\/hr\/wp-json\/wp\/v2\/pages"}],"about":[{"href":"https:\/\/rastokenf.hr\/hr\/wp-json\/wp\/v2\/types\/page"}],"author":[{"embeddable":true,"href":"https:\/\/rastokenf.hr\/hr\/wp-json\/wp\/v2\/users\/1"}],"replies":[{"embeddable":true,"href":"https:\/\/rastokenf.hr\/hr\/wp-json\/wp\/v2\/comments?post=1957"}],"version-history":[{"count":0,"href":"https:\/\/rastokenf.hr\/hr\/wp-json\/wp\/v2\/pages\/1957\/revisions"}],"wp:attachment":[{"href":"https:\/\/rastokenf.hr\/hr\/wp-json\/wp\/v2\/media?parent=1957"}],"curies":[{"name":"wp","href":"https:\/\/api.w.org\/{rel}","templated":true}]}}