{"id":1969,"date":"2018-11-27T09:17:28","date_gmt":"2018-11-27T08:17:28","guid":{"rendered":"https:\/\/rastokenf.hr\/activities\/"},"modified":"2026-04-25T12:25:20","modified_gmt":"2026-04-25T10:25:20","slug":"activities","status":"publish","type":"page","link":"https:\/\/rastokenf.hr\/hr\/activities\/","title":{"rendered":"Aktivnosti"},"content":{"rendered":"\t\t<div data-elementor-type=\"wp-post\" data-elementor-id=\"1969\" class=\"elementor elementor-1969 elementor-542\">\n\t\t\t\t<div class=\"elementor-element elementor-element-ecdc542 e-flex e-con-boxed e-con e-parent\" data-id=\"ecdc542\" data-element_type=\"container\" data-e-type=\"container\" data-settings=\"{&quot;background_background&quot;:&quot;classic&quot;}\">\n\t\t\t\t\t<div class=\"e-con-inner\">\n\t\t<div class=\"elementor-element elementor-element-341f31e e-con-full e-flex e-con e-child\" data-id=\"341f31e\" data-element_type=\"container\" data-e-type=\"container\">\n\t\t\t\t<div class=\"elementor-element elementor-element-c607c23 elementor-widget elementor-widget-heading\" data-id=\"c607c23\" data-element_type=\"widget\" data-e-type=\"widget\" data-widget_type=\"heading.default\">\n\t\t\t\t<div class=\"elementor-widget-container\">\n\t\t\t\t\t<h1 class=\"elementor-heading-title elementor-size-default\">Aktivnosti<\/h1>\t\t\t\t<\/div>\n\t\t\t\t<\/div>\n\t\t\t\t<\/div>\n\t\t\t\t\t<\/div>\n\t\t\t\t<\/div>\n\t\t<div class=\"elementor-element elementor-element-1ea260a e-flex e-con-boxed e-con e-parent\" data-id=\"1ea260a\" data-element_type=\"container\" data-e-type=\"container\">\n\t\t\t\t\t<div class=\"e-con-inner\">\n\t\t<div class=\"elementor-element elementor-element-53e9612 e-con-full e-flex e-con e-child\" data-id=\"53e9612\" data-element_type=\"container\" data-e-type=\"container\">\n\t\t\t\t<div class=\"elementor-element elementor-element-7179047 elementor-widget elementor-widget-heading\" data-id=\"7179047\" data-element_type=\"widget\" data-e-type=\"widget\" data-widget_type=\"heading.default\">\n\t\t\t\t<div class=\"elementor-widget-container\">\n\t\t\t\t\t<h2 class=\"elementor-heading-title elementor-size-default\">Vrijeme je da zapo\u010dnete svoju avanturu<\/h2>\t\t\t\t<\/div>\n\t\t\t\t<\/div>\n\t\t\t\t<div class=\"elementor-element elementor-element-9db05f7 elementor-widget-divider--view-line elementor-widget elementor-widget-divider\" data-id=\"9db05f7\" data-element_type=\"widget\" data-e-type=\"widget\" data-widget_type=\"divider.default\">\n\t\t\t\t<div class=\"elementor-widget-container\">\n\t\t\t\t\t\t\t<div class=\"elementor-divider\">\n\t\t\t<span class=\"elementor-divider-separator\">\n\t\t\t\t\t\t<\/span>\n\t\t<\/div>\n\t\t\t\t\t\t<\/div>\n\t\t\t\t<\/div>\n\t\t\t\t<div class=\"elementor-element elementor-element-18e4ffe elementor-widget elementor-widget-text-editor\" data-id=\"18e4ffe\" data-element_type=\"widget\" data-e-type=\"widget\" data-widget_type=\"text-editor.default\">\n\t\t\t\t<div class=\"elementor-widget-container\">\n\t\t\t\t\t\t\t\t\t<p>Istra\u017eite rijeku koja oduzima dah, iskusite adrenalinske navale i stvorite trajne uspomene s nama.<\/p>\t\t\t\t\t\t\t\t<\/div>\n\t\t\t\t<\/div>\n\t\t\t\t<\/div>\n\t\t\t\t\t<\/div>\n\t\t\t\t<\/div>\n\t\t<div class=\"elementor-element elementor-element-f312e04 e-flex e-con-boxed e-con e-parent\" data-id=\"f312e04\" data-element_type=\"container\" data-e-type=\"container\">\n\t\t\t\t\t<div class=\"e-con-inner\">\n\t\t<div class=\"elementor-element elementor-element-2d7640c e-con-full e-flex e-con e-child\" data-id=\"2d7640c\" data-element_type=\"container\" data-e-type=\"container\">\n\t\t\t\t<div class=\"elementor-element elementor-element-b1de0c4 elementor-widget elementor-widget-image\" data-id=\"b1de0c4\" data-element_type=\"widget\" data-e-type=\"widget\" data-widget_type=\"image.default\">\n\t\t\t\t<div class=\"elementor-widget-container\">\n\t\t\t\t\t\t\t\t\t\t\t\t\t\t\t<img fetchpriority=\"high\" decoding=\"async\" width=\"644\" height=\"402\" src=\"https:\/\/rastokenf.hr\/wp-content\/uploads\/2024\/02\/Rastoke-Slunj-rafting-kayak-x0.webp\" class=\"attachment-full size-full wp-image-1360\" alt=\"Rastoke nature fun kayak kayaking mreznica river kajak slunj plitvice karlova\u010dka zupanija\" srcset=\"https:\/\/rastokenf.hr\/wp-content\/uploads\/2024\/02\/Rastoke-Slunj-rafting-kayak-x0.webp 644w, https:\/\/rastokenf.hr\/wp-content\/uploads\/2024\/02\/Rastoke-Slunj-rafting-kayak-x0-300x187.webp 300w\" sizes=\"(max-width: 644px) 100vw, 644px\" \/>\t\t\t\t\t\t\t\t\t\t\t\t\t\t\t<\/div>\n\t\t\t\t<\/div>\n\t\t\t\t<div class=\"elementor-element elementor-element-149aff1 elementor-widget__width-initial elementor-widget elementor-widget-image-box\" data-id=\"149aff1\" data-element_type=\"widget\" data-e-type=\"widget\" id=\"book\" data-widget_type=\"image-box.default\">\n\t\t\t\t<div class=\"elementor-widget-container\">\n\t\t\t\t\t<div class=\"elementor-image-box-wrapper\"><div class=\"elementor-image-box-content\"><h5 class=\"elementor-image-box-title\">Kajak safari - \u20ac50 po osobi<\/h5><p class=\"elementor-image-box-description\">O\u010dekuje vas uzbudljiva avantura na gornjem toku rijeke Mre\u017enice u Spomeniku prirode \u201eMre\u017enica-Tounj\u010dica\u201c koja uklju\u010duje 10 slapova od kojih je najve\u0107i visok \u010dak 8 metara.\n<br><b> Napomena:<\/b> pogodno za djecu stariju od 5 godina.<\/p><\/div><\/div>\t\t\t\t<\/div>\n\t\t\t\t<\/div>\n\t\t\t\t<\/div>\n\t\t\t\t\t<\/div>\n\t\t\t\t<\/div>\n\t\t<div class=\"elementor-element elementor-element-bd20041 e-flex e-con-boxed e-con e-parent\" data-id=\"bd20041\" data-element_type=\"container\" data-e-type=\"container\">\n\t\t\t\t\t<div class=\"e-con-inner\">\n\t\t\t\t<div class=\"elementor-element elementor-element-3506677 elementor-widget-divider--view-line elementor-widget elementor-widget-divider\" data-id=\"3506677\" data-element_type=\"widget\" data-e-type=\"widget\" data-widget_type=\"divider.default\">\n\t\t\t\t<div class=\"elementor-widget-container\">\n\t\t\t\t\t\t\t<div class=\"elementor-divider\">\n\t\t\t<span class=\"elementor-divider-separator\">\n\t\t\t\t\t\t<\/span>\n\t\t<\/div>\n\t\t\t\t\t\t<\/div>\n\t\t\t\t<\/div>\n\t\t<div class=\"elementor-element elementor-element-c832799 e-con-full e-flex e-con e-child\" data-id=\"c832799\" data-element_type=\"container\" data-e-type=\"container\">\n\t\t\t\t<div class=\"elementor-element elementor-element-ec8a98a elementor-widget elementor-widget-shortcode\" data-id=\"ec8a98a\" data-element_type=\"widget\" data-e-type=\"widget\" data-widget_type=\"shortcode.default\">\n\t\t\t\t<div class=\"elementor-widget-container\">\n\t\t\t\t\t\t\t<div class=\"elementor-shortcode\"><!-- FareHarbor calendar -->\n<script src=\"https:\/\/fareharbor.com\/embeds\/script\/calendar\/rastokenf\/?fallback=simple&full-items=yes\"><\/script><\/div>\n\t\t\t\t\t\t<\/div>\n\t\t\t\t<\/div>\n\t\t\t\t<\/div>\n\t\t\t\t<div class=\"elementor-element elementor-element-18896ae elementor-widget elementor-widget-text-editor\" data-id=\"18896ae\" data-element_type=\"widget\" data-e-type=\"widget\" data-widget_type=\"text-editor.default\">\n\t\t\t\t<div class=\"elementor-widget-container\">\n\t\t\t\t\t\t\t\t\t<p>Ako \u017eelite <strong>platiti gotovinom po dolasku<\/strong>, molimo vas da nas kontaktirate putem e-maila ili WhatsAppa.<\/p>\t\t\t\t\t\t\t\t<\/div>\n\t\t\t\t<\/div>\n\t\t\t\t<div class=\"elementor-element elementor-element-2e693ff elementor-widget-divider--view-line elementor-widget elementor-widget-divider\" data-id=\"2e693ff\" data-element_type=\"widget\" data-e-type=\"widget\" data-widget_type=\"divider.default\">\n\t\t\t\t<div class=\"elementor-widget-container\">\n\t\t\t\t\t\t\t<div class=\"elementor-divider\">\n\t\t\t<span class=\"elementor-divider-separator\">\n\t\t\t\t\t\t<\/span>\n\t\t<\/div>\n\t\t\t\t\t\t<\/div>\n\t\t\t\t<\/div>\n\t\t\t\t\t<\/div>\n\t\t\t\t<\/div>\n\t\t<div class=\"elementor-element elementor-element-1a570c0 e-flex e-con-boxed e-con e-parent\" data-id=\"1a570c0\" data-element_type=\"container\" data-e-type=\"container\" data-settings=\"{&quot;background_background&quot;:&quot;classic&quot;}\">\n\t\t\t\t\t<div class=\"e-con-inner\">\n\t\t<div class=\"elementor-element elementor-element-6e0acd9 e-con-full e-flex e-con e-child\" data-id=\"6e0acd9\" data-element_type=\"container\" data-e-type=\"container\">\n\t\t\t\t<div class=\"elementor-element elementor-element-5999f25 elementor-widget elementor-widget-heading\" data-id=\"5999f25\" data-element_type=\"widget\" data-e-type=\"widget\" data-widget_type=\"heading.default\">\n\t\t\t\t<div class=\"elementor-widget-container\">\n\t\t\t\t\t<h3 class=\"elementor-heading-title elementor-size-default\">Za\u0161to odabrati nas<\/h3>\t\t\t\t<\/div>\n\t\t\t\t<\/div>\n\t\t\t\t<div class=\"elementor-element elementor-element-4e6cf4f elementor-widget-divider--view-line elementor-widget elementor-widget-divider\" data-id=\"4e6cf4f\" data-element_type=\"widget\" data-e-type=\"widget\" data-widget_type=\"divider.default\">\n\t\t\t\t<div class=\"elementor-widget-container\">\n\t\t\t\t\t\t\t<div class=\"elementor-divider\">\n\t\t\t<span class=\"elementor-divider-separator\">\n\t\t\t\t\t\t<\/span>\n\t\t<\/div>\n\t\t\t\t\t\t<\/div>\n\t\t\t\t<\/div>\n\t\t\t\t<div class=\"elementor-element elementor-element-59a4da9 elementor-widget elementor-widget-text-editor\" data-id=\"59a4da9\" data-element_type=\"widget\" data-e-type=\"widget\" data-widget_type=\"text-editor.default\">\n\t\t\t\t<div class=\"elementor-widget-container\">\n\t\t\t\t\t\t\t\t\t<p>U pratnji na\u0161ih zabavnih i stru\u010dnih vodi\u010da pridru\u017eite nam se na nezaboravnom kajak safariju. Na\u0161i vodi\u010di provest \u0107e vas kroz prekrasne krajolike i netaknutu prirodu, pru\u017eaju\u0107i vam ne samo sigurnost, ve\u0107 i zabavu i nevjerojatna iskustva. U\u017eivajte u adrenalinskom iskustvu veslanja kroz slapove, istra\u017euju\u0107i skrivene kutke rijeke i spajaju\u0107i se s prirodom na jedinstven na\u010din.<\/p><p>Pripremite se za nezaboravno iskustvo na vodi dok se povjeravate u na\u0161e ruke i prepustite se \u010darima rijeke Mre\u017enice u Spomeniku prirode \u201eMre\u017enica-Tounj\u010dica\u201c.<\/p>\t\t\t\t\t\t\t\t<\/div>\n\t\t\t\t<\/div>\n\t\t\t\t<\/div>\n\t\t<div class=\"elementor-element elementor-element-7442a3f e-con-full e-flex e-con e-child\" data-id=\"7442a3f\" data-element_type=\"container\" data-e-type=\"container\">\n\t\t\t\t<div class=\"elementor-element elementor-element-c5fffac elementor-widget elementor-widget-heading\" data-id=\"c5fffac\" data-element_type=\"widget\" data-e-type=\"widget\" data-widget_type=\"heading.default\">\n\t\t\t\t<div class=\"elementor-widget-container\">\n\t\t\t\t\t<h3 class=\"elementor-heading-title elementor-size-default\">\u0160to dobijete<\/h3>\t\t\t\t<\/div>\n\t\t\t\t<\/div>\n\t\t\t\t<div class=\"elementor-element elementor-element-6e7803b elementor-widget-divider--view-line elementor-widget elementor-widget-divider\" data-id=\"6e7803b\" data-element_type=\"widget\" data-e-type=\"widget\" data-widget_type=\"divider.default\">\n\t\t\t\t<div class=\"elementor-widget-container\">\n\t\t\t\t\t\t\t<div class=\"elementor-divider\">\n\t\t\t<span class=\"elementor-divider-separator\">\n\t\t\t\t\t\t<\/span>\n\t\t<\/div>\n\t\t\t\t\t\t<\/div>\n\t\t\t\t<\/div>\n\t\t\t\t<div class=\"elementor-element elementor-element-06f1715 elementor-widget elementor-widget-text-editor\" data-id=\"06f1715\" data-element_type=\"widget\" data-e-type=\"widget\" data-widget_type=\"text-editor.default\">\n\t\t\t\t<div class=\"elementor-widget-container\">\n\t\t\t\t\t\t\t\t\t<p>Prijevoz do rijeke je osiguran, a osiguravamo i svu potrebnu opremu kako bi se osje\u0107ali sigurno i spremni za akciju. Uklju\u010dena oprema uklju\u010duje \u010damac, vesla, kacigu, prsluk, neoprensko odijelo, cipele za vodu, ba\u010dvu za skladi\u0161tenje i ki\u0161no odijelo.<\/p><p>Tijekom izleta na\u0161i \u0107e vodi\u010di fotografijama i video zapisima zabilje\u017eiti uzbudljive trenutke kako biste zauvijek sa\u010duvali uspomene na nezaboravnu avanturu. Sve fotografije i videozapisi su besplatni.<\/p>\t\t\t\t\t\t\t\t<\/div>\n\t\t\t\t<\/div>\n\t\t\t\t<\/div>\n\t\t\t\t\t<\/div>\n\t\t\t\t<\/div>\n\t\t<div class=\"elementor-element elementor-element-101ba43 e-flex e-con-boxed e-con e-parent\" data-id=\"101ba43\" data-element_type=\"container\" data-e-type=\"container\">\n\t\t\t\t\t<div class=\"e-con-inner\">\n\t\t<div class=\"elementor-element elementor-element-ac3329d e-con-full e-flex e-con e-child\" data-id=\"ac3329d\" data-element_type=\"container\" data-e-type=\"container\">\n\t\t\t\t<div class=\"elementor-element elementor-element-62db93b elementor-widget elementor-widget-heading\" data-id=\"62db93b\" data-element_type=\"widget\" data-e-type=\"widget\" data-widget_type=\"heading.default\">\n\t\t\t\t<div class=\"elementor-widget-container\">\n\t\t\t\t\t<h2 class=\"elementor-heading-title elementor-size-default\">Obratite pozornost<\/h2>\t\t\t\t<\/div>\n\t\t\t\t<\/div>\n\t\t\t\t<div class=\"elementor-element elementor-element-33b4eff elementor-widget-divider--view-line elementor-widget elementor-widget-divider\" data-id=\"33b4eff\" data-element_type=\"widget\" data-e-type=\"widget\" data-widget_type=\"divider.default\">\n\t\t\t\t<div class=\"elementor-widget-container\">\n\t\t\t\t\t\t\t<div class=\"elementor-divider\">\n\t\t\t<span class=\"elementor-divider-separator\">\n\t\t\t\t\t\t<\/span>\n\t\t<\/div>\n\t\t\t\t\t\t<\/div>\n\t\t\t\t<\/div>\n\t\t\t\t<div class=\"elementor-element elementor-element-1df7849 elementor-widget elementor-widget-text-editor\" data-id=\"1df7849\" data-element_type=\"widget\" data-e-type=\"widget\" data-widget_type=\"text-editor.default\">\n\t\t\t\t<div class=\"elementor-widget-container\">\n\t\t\t\t\t\t\t\t\t<p>Izlet po\u010dinje u 10:00h ili 15:00h na lokaciji Rastoke Nature Fun.<\/p><p>Maksimalno mo\u017eemo primiti 20 osoba. Po potrebi, broj sudionika se mo\u017ee korigirati prema dogovoru.<\/p><p>Preporu\u010dujemo ponijeti kupa\u0107i kostim, ru\u010dnik, vodu za pi\u0107e i robu za presvu\u0107i se.<\/p>\t\t\t\t\t\t\t\t<\/div>\n\t\t\t\t<\/div>\n\t\t\t\t<\/div>\n\t\t\t\t\t<\/div>\n\t\t\t\t<\/div>\n\t\t\t\t<\/div>\n\t\t","protected":false},"excerpt":{"rendered":"<p>Aktivnosti Vrijeme je da zapo\u010dnete svoju avanturu Istra\u017eite rijeku koja oduzima dah, iskusite adrenalinske navale i stvorite trajne uspomene s nama. Kajak safari &#8211; \u20ac50 po osobi O\u010dekuje vas uzbudljiva avantura na gornjem toku rijeke Mre\u017enice u Spomeniku prirode \u201eMre\u017enica-Tounj\u010dica\u201c koja uklju\u010duje 10 slapova od kojih je najve\u0107i visok \u010dak 8 metara. Napomena: pogodno za [&hellip;]<\/p>\n","protected":false},"author":1,"featured_media":0,"parent":0,"menu_order":0,"comment_status":"closed","ping_status":"closed","template":"","meta":{"site-sidebar-layout":"no-sidebar","site-content-layout":"page-builder","ast-site-content-layout":"full-width-container","site-content-style":"unboxed","site-sidebar-style":"unboxed","ast-global-header-display":"","ast-banner-title-visibility":"","ast-main-header-display":"","ast-hfb-above-header-display":"","ast-hfb-below-header-display":"","ast-hfb-mobile-header-display":"","site-post-title":"disabled","ast-breadcrumbs-content":"","ast-featured-img":"disabled","footer-sml-layout":"","ast-disable-related-posts":"","theme-transparent-header-meta":"enabled","adv-header-id-meta":"","stick-header-meta":"","header-above-stick-meta":"","header-main-stick-meta":"","header-below-stick-meta":"","astra-migrate-meta-layouts":"set","ast-page-background-enabled":"default","ast-page-background-meta":{"desktop":{"background-color":"","background-image":"","background-repeat":"repeat","background-position":"center center","background-size":"auto","background-attachment":"scroll","background-type":"","background-media":"","overlay-type":"","overlay-color":"","overlay-opacity":"","overlay-gradient":""},"tablet":{"background-color":"","background-image":"","background-repeat":"repeat","background-position":"center center","background-size":"auto","background-attachment":"scroll","background-type":"","background-media":"","overlay-type":"","overlay-color":"","overlay-opacity":"","overlay-gradient":""},"mobile":{"background-color":"","background-image":"","background-repeat":"repeat","background-position":"center center","background-size":"auto","background-attachment":"scroll","background-type":"","background-media":"","overlay-type":"","overlay-color":"","overlay-opacity":"","overlay-gradient":""}},"ast-content-background-meta":{"desktop":{"background-color":"var(--ast-global-color-5)","background-image":"","background-repeat":"repeat","background-position":"center center","background-size":"auto","background-attachment":"scroll","background-type":"","background-media":"","overlay-type":"","overlay-color":"","overlay-opacity":"","overlay-gradient":""},"tablet":{"background-color":"var(--ast-global-color-5)","background-image":"","background-repeat":"repeat","background-position":"center center","background-size":"auto","background-attachment":"scroll","background-type":"","background-media":"","overlay-type":"","overlay-color":"","overlay-opacity":"","overlay-gradient":""},"mobile":{"background-color":"var(--ast-global-color-5)","background-image":"","background-repeat":"repeat","background-position":"center center","background-size":"auto","background-attachment":"scroll","background-type":"","background-media":"","overlay-type":"","overlay-color":"","overlay-opacity":"","overlay-gradient":""}},"footnotes":""},"class_list":["post-1969","page","type-page","status-publish","hentry"],"_links":{"self":[{"href":"https:\/\/rastokenf.hr\/hr\/wp-json\/wp\/v2\/pages\/1969","targetHints":{"allow":["GET"]}}],"collection":[{"href":"https:\/\/rastokenf.hr\/hr\/wp-json\/wp\/v2\/pages"}],"about":[{"href":"https:\/\/rastokenf.hr\/hr\/wp-json\/wp\/v2\/types\/page"}],"author":[{"embeddable":true,"href":"https:\/\/rastokenf.hr\/hr\/wp-json\/wp\/v2\/users\/1"}],"replies":[{"embeddable":true,"href":"https:\/\/rastokenf.hr\/hr\/wp-json\/wp\/v2\/comments?post=1969"}],"version-history":[{"count":6,"href":"https:\/\/rastokenf.hr\/hr\/wp-json\/wp\/v2\/pages\/1969\/revisions"}],"predecessor-version":[{"id":2746,"href":"https:\/\/rastokenf.hr\/hr\/wp-json\/wp\/v2\/pages\/1969\/revisions\/2746"}],"wp:attachment":[{"href":"https:\/\/rastokenf.hr\/hr\/wp-json\/wp\/v2\/media?parent=1969"}],"curies":[{"name":"wp","href":"https:\/\/api.w.org\/{rel}","templated":true}]}}