{"id":1971,"date":"2018-11-27T09:17:08","date_gmt":"2018-11-27T08:17:08","guid":{"rendered":"https:\/\/rastokenf.hr\/about-us\/"},"modified":"2024-04-11T22:51:15","modified_gmt":"2024-04-11T20:51:15","slug":"o-nama","status":"publish","type":"page","link":"https:\/\/rastokenf.hr\/hr\/o-nama\/","title":{"rendered":"O nama"},"content":{"rendered":"\t\t<div data-elementor-type=\"wp-post\" data-elementor-id=\"1971\" class=\"elementor elementor-1971 elementor-541\">\n\t\t\t\t<div class=\"elementor-element elementor-element-5f02ddf e-flex e-con-boxed e-con e-parent\" data-id=\"5f02ddf\" data-element_type=\"container\" data-e-type=\"container\" data-settings=\"{&quot;background_background&quot;:&quot;classic&quot;}\">\n\t\t\t\t\t<div class=\"e-con-inner\">\n\t\t<div class=\"elementor-element elementor-element-0502d81 e-con-full e-flex e-con e-child\" data-id=\"0502d81\" data-element_type=\"container\" data-e-type=\"container\">\n\t\t\t\t<div class=\"elementor-element elementor-element-03d202b elementor-widget elementor-widget-heading\" data-id=\"03d202b\" data-element_type=\"widget\" data-e-type=\"widget\" data-widget_type=\"heading.default\">\n\t\t\t\t<div class=\"elementor-widget-container\">\n\t\t\t\t\t<h1 class=\"elementor-heading-title elementor-size-default\">Tko smo mi<\/h1>\t\t\t\t<\/div>\n\t\t\t\t<\/div>\n\t\t\t\t<\/div>\n\t\t\t\t\t<\/div>\n\t\t\t\t<\/div>\n\t\t<div class=\"elementor-element elementor-element-ce23579 e-flex e-con-boxed e-con e-parent\" data-id=\"ce23579\" data-element_type=\"container\" data-e-type=\"container\">\n\t\t\t\t\t<div class=\"e-con-inner\">\n\t\t<div class=\"elementor-element elementor-element-89a7aec e-con-full e-flex e-con e-child\" data-id=\"89a7aec\" data-element_type=\"container\" data-e-type=\"container\">\n\t\t\t\t<div class=\"elementor-element elementor-element-a01f0dc elementor-widget elementor-widget-heading\" data-id=\"a01f0dc\" data-element_type=\"widget\" data-e-type=\"widget\" data-widget_type=\"heading.default\">\n\t\t\t\t<div class=\"elementor-widget-container\">\n\t\t\t\t\t<h2 class=\"elementor-heading-title elementor-size-default\">Na\u0161a pri\u010da<\/h2>\t\t\t\t<\/div>\n\t\t\t\t<\/div>\n\t\t\t\t<div class=\"elementor-element elementor-element-c43b3dd elementor-widget-divider--view-line elementor-widget elementor-widget-divider\" data-id=\"c43b3dd\" data-element_type=\"widget\" data-e-type=\"widget\" data-widget_type=\"divider.default\">\n\t\t\t\t<div class=\"elementor-widget-container\">\n\t\t\t\t\t\t\t<div class=\"elementor-divider\">\n\t\t\t<span class=\"elementor-divider-separator\">\n\t\t\t\t\t\t<\/span>\n\t\t<\/div>\n\t\t\t\t\t\t<\/div>\n\t\t\t\t<\/div>\n\t\t\t\t<div class=\"elementor-element elementor-element-e871351 elementor-widget elementor-widget-text-editor\" data-id=\"e871351\" data-element_type=\"widget\" data-e-type=\"widget\" data-widget_type=\"text-editor.default\">\n\t\t\t\t<div class=\"elementor-widget-container\">\n\t\t\t\t\t\t\t\t\t<div id=\"comp-lj90g93l\" class=\"KcpHeO tz5f0K comp-lj90g93l wixui-rich-text\" data-testid=\"richTextElement\" data-angle=\"0\" data-angle-style-location=\"style\" data-screen-in-hide=\"done\"><div id=\"comp-lj90g93l\" class=\"KcpHeO tz5f0K comp-lj90g93l wixui-rich-text\" data-testid=\"richTextElement\" data-angle=\"0\" data-angle-style-location=\"style\" data-screen-in-hide=\"done\"><p class=\"font_8 wixui-rich-text__text\">Na\u0161a pri\u010da ne staje samo na ljubavi prema vodi, raftingu i prirodi, ve\u0107 se mo\u017eemo pohvaliti izvrsnim uspjesima koje posti\u017eemo kroz Kajak kanu klub &#8220;Rasto\u010dki mlinari&#8221;, a kao rezultat \u010destih treninga isti\u010demo se izvrsno poznavanje lokalnih rijeka kojima \u0107emo vas o\u010darati. Iako nam je u budu\u0107nosti cilj ponuditi i druge aktivnosti koje bi sve pustolove upoznale sa skrivenim biserima koje nudi ova destinacija u srcu Hrvatske, do tada se mo\u017eete upoznati sa svojim vodi\u010dima i do\u017eivjeti sigurnu i udobnu avanturu.<\/p><\/div><\/div>\t\t\t\t\t\t\t\t<\/div>\n\t\t\t\t<\/div>\n\t\t\t\t<\/div>\n\t\t<div class=\"elementor-element elementor-element-e8e4600 e-con-full e-flex e-con e-child\" data-id=\"e8e4600\" data-element_type=\"container\" data-e-type=\"container\">\n\t\t\t\t<div class=\"elementor-element elementor-element-6060d91 elementor-widget elementor-widget-image\" data-id=\"6060d91\" data-element_type=\"widget\" data-e-type=\"widget\" data-widget_type=\"image.default\">\n\t\t\t\t<div class=\"elementor-widget-container\">\n\t\t\t\t\t\t\t\t\t\t\t\t\t\t\t<img fetchpriority=\"high\" decoding=\"async\" width=\"644\" height=\"402\" src=\"https:\/\/rastokenf.hr\/wp-content\/uploads\/2024\/02\/Rastoke-Slunj-rafting-kayak-x2.webp\" class=\"attachment-full size-full wp-image-1362\" alt=\"Rastoke nature fun kayak kayaking mreznica river kajak slunj plitvice karlova\u010dka zupanija\" srcset=\"https:\/\/rastokenf.hr\/wp-content\/uploads\/2024\/02\/Rastoke-Slunj-rafting-kayak-x2.webp 644w, https:\/\/rastokenf.hr\/wp-content\/uploads\/2024\/02\/Rastoke-Slunj-rafting-kayak-x2-300x187.webp 300w\" sizes=\"(max-width: 644px) 100vw, 644px\" \/>\t\t\t\t\t\t\t\t\t\t\t\t\t\t\t<\/div>\n\t\t\t\t<\/div>\n\t\t\t\t<\/div>\n\t\t\t\t\t<\/div>\n\t\t\t\t<\/div>\n\t\t<div class=\"elementor-element elementor-element-14af81a e-flex e-con-boxed e-con e-parent\" data-id=\"14af81a\" data-element_type=\"container\" data-e-type=\"container\">\n\t\t\t\t\t<div class=\"e-con-inner\">\n\t\t<div class=\"elementor-element elementor-element-36e6166 e-con-full e-flex e-con e-child\" data-id=\"36e6166\" data-element_type=\"container\" data-e-type=\"container\">\n\t\t\t\t<div class=\"elementor-element elementor-element-4a6bb94 elementor-position-top elementor-widget elementor-widget-image-box\" data-id=\"4a6bb94\" data-element_type=\"widget\" data-e-type=\"widget\" data-widget_type=\"image-box.default\">\n\t\t\t\t<div class=\"elementor-widget-container\">\n\t\t\t\t\t<div class=\"elementor-image-box-wrapper\"><figure class=\"elementor-image-box-img\"><a href=\"https:\/\/www.facebook.com\/jasam.ive.3\" tabindex=\"-1\"><img decoding=\"async\" width=\"800\" height=\"800\" src=\"https:\/\/rastokenf.hr\/wp-content\/uploads\/2024\/03\/ive.webp\" class=\"attachment-full size-full wp-image-1645\" alt=\"Rastoke nature fun kayak kayaking mreznica river kajak slunj plitvice karlova\u010dka zupanija\" srcset=\"https:\/\/rastokenf.hr\/wp-content\/uploads\/2024\/03\/ive.webp 800w, https:\/\/rastokenf.hr\/wp-content\/uploads\/2024\/03\/ive-300x300.webp 300w, https:\/\/rastokenf.hr\/wp-content\/uploads\/2024\/03\/ive-150x150.webp 150w, https:\/\/rastokenf.hr\/wp-content\/uploads\/2024\/03\/ive-768x768.webp 768w\" sizes=\"(max-width: 800px) 100vw, 800px\" \/><\/a><\/figure><div class=\"elementor-image-box-content\"><h3 class=\"elementor-image-box-title\"><a href=\"https:\/\/www.facebook.com\/jasam.ive.3\">IVAN BOSANAC<\/a><\/h3><p class=\"elementor-image-box-description\">Vlasnik i vodi\u010d <br>\n  <br>\nVodenim sportovima se aktivno bavim od 2017. godine. Treninzi su za mene uvijek bili vrijeme odmora i izvor zabave, a sada to iskustvo \u017eelim podijeliti s drugima. Vjerujem da vrijeme provedeno u prirodi nikada nije izgubljeno. Vjerujem da je povezanost s vodom i prirodom iznimno va\u017ena za na\u0161e blagostanje i osobni razvoj te \u017eelim potaknuti i druge da se upuste u istu avanturu.<\/p><\/div><\/div>\t\t\t\t<\/div>\n\t\t\t\t<\/div>\n\t\t\t\t<\/div>\n\t\t<div class=\"elementor-element elementor-element-56bca51 e-con-full e-flex e-con e-child\" data-id=\"56bca51\" data-element_type=\"container\" data-e-type=\"container\">\n\t\t\t\t<div class=\"elementor-element elementor-element-8400513 elementor-position-top elementor-widget elementor-widget-image-box\" data-id=\"8400513\" data-element_type=\"widget\" data-e-type=\"widget\" data-widget_type=\"image-box.default\">\n\t\t\t\t<div class=\"elementor-widget-container\">\n\t\t\t\t\t<div class=\"elementor-image-box-wrapper\"><figure class=\"elementor-image-box-img\"><a href=\"https:\/\/www.facebook.com\/antonijo.p.puskaric\" tabindex=\"-1\"><img decoding=\"async\" width=\"498\" height=\"498\" src=\"https:\/\/rastokenf.hr\/wp-content\/uploads\/2024\/03\/antonijo.webp\" class=\"attachment-full size-full wp-image-1644\" alt=\"Rastoke nature fun kayak kayaking mreznica river kajak slunj plitvice karlova\u010dka zupanija\" srcset=\"https:\/\/rastokenf.hr\/wp-content\/uploads\/2024\/03\/antonijo.webp 498w, https:\/\/rastokenf.hr\/wp-content\/uploads\/2024\/03\/antonijo-300x300.webp 300w, https:\/\/rastokenf.hr\/wp-content\/uploads\/2024\/03\/antonijo-150x150.webp 150w\" sizes=\"(max-width: 498px) 100vw, 498px\" \/><\/a><\/figure><div class=\"elementor-image-box-content\"><h3 class=\"elementor-image-box-title\"><a href=\"https:\/\/www.facebook.com\/antonijo.p.puskaric\">ANTONIJO PU\u0160KARI\u0106<\/a><\/h3><p class=\"elementor-image-box-description\">Vodi\u010d <br>\n  <br>\nMoja strast i predanost usmjerena je na dijeljenje ljubavi prema vodenim sportovima s drugima, poti\u010du\u0107i ih da se upuste u nevjerojatne avanture i istra\u017euju netaknutu prirodu. Moje znanje i dugogodi\u0161nje iskustvo garantiraju svakom sudioniku nezaboravna iskustva ispunjena uzbu\u0111enjem, slobodom i iskrenom povezanosti s prirodom.<\/p><\/div><\/div>\t\t\t\t<\/div>\n\t\t\t\t<\/div>\n\t\t\t\t<\/div>\n\t\t<div class=\"elementor-element elementor-element-ea1b502 e-con-full e-flex e-con e-child\" data-id=\"ea1b502\" data-element_type=\"container\" data-e-type=\"container\">\n\t\t\t\t<div class=\"elementor-element elementor-element-96d8b04 elementor-position-top elementor-widget elementor-widget-image-box\" data-id=\"96d8b04\" data-element_type=\"widget\" data-e-type=\"widget\" data-widget_type=\"image-box.default\">\n\t\t\t\t<div class=\"elementor-widget-container\">\n\t\t\t\t\t<div class=\"elementor-image-box-wrapper\"><figure class=\"elementor-image-box-img\"><a href=\"https:\/\/www.facebook.com\/tin.vukosic.1\" tabindex=\"-1\"><img loading=\"lazy\" decoding=\"async\" width=\"800\" height=\"800\" src=\"https:\/\/rastokenf.hr\/wp-content\/uploads\/2024\/03\/tin.webp\" class=\"attachment-full size-full wp-image-1646\" alt=\"Rastoke nature fun kayak kayaking mreznica river kajak slunj plitvice karlova\u010dka zupanija\" srcset=\"https:\/\/rastokenf.hr\/wp-content\/uploads\/2024\/03\/tin.webp 800w, https:\/\/rastokenf.hr\/wp-content\/uploads\/2024\/03\/tin-300x300.webp 300w, https:\/\/rastokenf.hr\/wp-content\/uploads\/2024\/03\/tin-150x150.webp 150w, https:\/\/rastokenf.hr\/wp-content\/uploads\/2024\/03\/tin-768x768.webp 768w\" sizes=\"(max-width: 800px) 100vw, 800px\" \/><\/a><\/figure><div class=\"elementor-image-box-content\"><h3 class=\"elementor-image-box-title\"><a href=\"https:\/\/www.facebook.com\/tin.vukosic.1\">TIN VUKO\u0160I\u0106<\/a><\/h3><p class=\"elementor-image-box-description\">Vodi\u010d <br>\n  <br>\nMoja ljubav prema sportovima na vodi poti\u010de me da svoje znanje i iskustvo dijelim s drugima. Kao vodi\u010d, \u017eelim potaknuti ljude na uzbudljive avanture, istra\u017eivanje skrivenih rijeka i o\u010duvane prirode. Moje stru\u010dno znanje i dugogodi\u0161nje iskustvo osiguravaju da svaki pojedinac koji se uklju\u010di u na\u0161e aktivnosti do\u017eivi nevjerojatnu avanturu punu adrenalina, slobode i istinskog povezivanja s prirodom.<\/p><\/div><\/div>\t\t\t\t<\/div>\n\t\t\t\t<\/div>\n\t\t\t\t<\/div>\n\t\t\t\t\t<\/div>\n\t\t\t\t<\/div>\n\t\t<div class=\"elementor-element elementor-element-15abf11 e-flex e-con-boxed e-con e-parent\" data-id=\"15abf11\" data-element_type=\"container\" data-e-type=\"container\">\n\t\t\t\t\t<div class=\"e-con-inner\">\n\t\t<div class=\"elementor-element elementor-element-bf30f7b e-con-full e-flex e-con e-child\" data-id=\"bf30f7b\" data-element_type=\"container\" data-e-type=\"container\">\n\t\t\t\t<div class=\"elementor-element elementor-element-84dffc5 elementor-widget elementor-widget-heading\" data-id=\"84dffc5\" data-element_type=\"widget\" data-e-type=\"widget\" data-widget_type=\"heading.default\">\n\t\t\t\t<div class=\"elementor-widget-container\">\n\t\t\t\t\t<h4 class=\"elementor-heading-title elementor-size-default\">Izvanredna iskustva<\/h4>\t\t\t\t<\/div>\n\t\t\t\t<\/div>\n\t\t\t\t<div class=\"elementor-element elementor-element-ec6b79a elementor-widget-divider--view-line elementor-widget elementor-widget-divider\" data-id=\"ec6b79a\" data-element_type=\"widget\" data-e-type=\"widget\" data-widget_type=\"divider.default\">\n\t\t\t\t<div class=\"elementor-widget-container\">\n\t\t\t\t\t\t\t<div class=\"elementor-divider\">\n\t\t\t<span class=\"elementor-divider-separator\">\n\t\t\t\t\t\t<\/span>\n\t\t<\/div>\n\t\t\t\t\t\t<\/div>\n\t\t\t\t<\/div>\n\t\t\t\t<div class=\"elementor-element elementor-element-60c87a1 elementor-widget elementor-widget-text-editor\" data-id=\"60c87a1\" data-element_type=\"widget\" data-e-type=\"widget\" data-widget_type=\"text-editor.default\">\n\t\t\t\t<div class=\"elementor-widget-container\">\n\t\t\t\t\t\t\t\t\t<p>Uronite u uzbudljivi svijet kajaka\u0161tva dok kre\u0107ete na putovanje kako biste istra\u017eili neke od najljep\u0161ih rijeka koje svijet mo\u017ee ponuditi. Sa svakim zamahom vesla, otklju\u010dat \u0107ete skrivenu ljepotu prirode iz perspektive koja je doista jedinstvena.<\/p>\t\t\t\t\t\t\t\t<\/div>\n\t\t\t\t<\/div>\n\t\t\t\t<div class=\"elementor-element elementor-element-106f533 elementor-widget elementor-widget-text-editor\" data-id=\"106f533\" data-element_type=\"widget\" data-e-type=\"widget\" data-widget_type=\"text-editor.default\">\n\t\t\t\t<div class=\"elementor-widget-container\">\n\t\t\t\t\t\t\t\t\t<p>Bilo da ste iskusni vesla\u010d koji tra\u017ei nove izazove ili avanturist koji prvi put \u017eeli zaroniti u neistra\u017eene vode, na\u0161i izleti kajakom jam\u010de nezaboravne trenutke ispunjene adrenalinom i uspomenama koje \u0107e ostati dugo nakon zavr\u0161etka putovanja.<\/p>\t\t\t\t\t\t\t\t<\/div>\n\t\t\t\t<\/div>\n\t\t\t\t<\/div>\n\t\t<div class=\"elementor-element elementor-element-84fc39e e-con-full e-flex e-con e-child\" data-id=\"84fc39e\" data-element_type=\"container\" data-e-type=\"container\">\n\t\t\t\t<div class=\"elementor-element elementor-element-4a23b7b elementor-widget elementor-widget-heading\" data-id=\"4a23b7b\" data-element_type=\"widget\" data-e-type=\"widget\" data-widget_type=\"heading.default\">\n\t\t\t\t<div class=\"elementor-widget-container\">\n\t\t\t\t\t<h4 class=\"elementor-heading-title elementor-size-default\">Na\u0161e temeljne vrijednosti<\/h4>\t\t\t\t<\/div>\n\t\t\t\t<\/div>\n\t\t\t\t<div class=\"elementor-element elementor-element-fd6eea6 elementor-widget-divider--view-line elementor-widget elementor-widget-divider\" data-id=\"fd6eea6\" data-element_type=\"widget\" data-e-type=\"widget\" data-widget_type=\"divider.default\">\n\t\t\t\t<div class=\"elementor-widget-container\">\n\t\t\t\t\t\t\t<div class=\"elementor-divider\">\n\t\t\t<span class=\"elementor-divider-separator\">\n\t\t\t\t\t\t<\/span>\n\t\t<\/div>\n\t\t\t\t\t\t<\/div>\n\t\t\t\t<\/div>\n\t\t\t\t<div class=\"elementor-element elementor-element-6e341fb elementor-widget elementor-widget-text-editor\" data-id=\"6e341fb\" data-element_type=\"widget\" data-e-type=\"widget\" data-widget_type=\"text-editor.default\">\n\t\t\t\t<div class=\"elementor-widget-container\">\n\t\t\t\t\t\t\t\t\t<p>Vjerujemo u pru\u017eanje impresivnih iskustava koja ne samo da odu\u0161evljavaju, ve\u0107 i obrazuju i nadahnjuju. Na\u0161 tim posve\u0107en je njegovanju kulture inkluzivnosti, gdje se svatko mo\u017ee osje\u0107ati osna\u017eenim za istra\u017eivanje i povezivanje s prirodom. Pokre\u0107u nas:<\/p>\t\t\t\t\t\t\t\t<\/div>\n\t\t\t\t<\/div>\n\t\t\t\t<div class=\"elementor-element elementor-element-6ec43df elementor-icon-list--layout-traditional elementor-list-item-link-full_width elementor-widget elementor-widget-icon-list\" data-id=\"6ec43df\" data-element_type=\"widget\" data-e-type=\"widget\" data-widget_type=\"icon-list.default\">\n\t\t\t\t<div class=\"elementor-widget-container\">\n\t\t\t\t\t\t\t<ul class=\"elementor-icon-list-items\">\n\t\t\t\t\t\t\t<li class=\"elementor-icon-list-item\">\n\t\t\t\t\t\t\t\t\t\t\t<span class=\"elementor-icon-list-icon\">\n\t\t\t\t\t\t\t<svg aria-hidden=\"true\" class=\"e-font-icon-svg e-fas-minus\" viewBox=\"0 0 448 512\" xmlns=\"http:\/\/www.w3.org\/2000\/svg\"><path d=\"M416 208H32c-17.67 0-32 14.33-32 32v32c0 17.67 14.33 32 32 32h384c17.67 0 32-14.33 32-32v-32c0-17.67-14.33-32-32-32z\"><\/path><\/svg>\t\t\t\t\t\t<\/span>\n\t\t\t\t\t\t\t\t\t\t<span class=\"elementor-icon-list-text\">strast za avanturom<\/span>\n\t\t\t\t\t\t\t\t\t<\/li>\n\t\t\t\t\t\t\t\t<li class=\"elementor-icon-list-item\">\n\t\t\t\t\t\t\t\t\t\t\t<span class=\"elementor-icon-list-icon\">\n\t\t\t\t\t\t\t<svg aria-hidden=\"true\" class=\"e-font-icon-svg e-fas-minus\" viewBox=\"0 0 448 512\" xmlns=\"http:\/\/www.w3.org\/2000\/svg\"><path d=\"M416 208H32c-17.67 0-32 14.33-32 32v32c0 17.67 14.33 32 32 32h384c17.67 0 32-14.33 32-32v-32c0-17.67-14.33-32-32-32z\"><\/path><\/svg>\t\t\t\t\t\t<\/span>\n\t\t\t\t\t\t\t\t\t\t<span class=\"elementor-icon-list-text\">posve\u0107enost sigurnosti<\/span>\n\t\t\t\t\t\t\t\t\t<\/li>\n\t\t\t\t\t\t\t\t<li class=\"elementor-icon-list-item\">\n\t\t\t\t\t\t\t\t\t\t\t<span class=\"elementor-icon-list-icon\">\n\t\t\t\t\t\t\t<svg aria-hidden=\"true\" class=\"e-font-icon-svg e-fas-minus\" viewBox=\"0 0 448 512\" xmlns=\"http:\/\/www.w3.org\/2000\/svg\"><path d=\"M416 208H32c-17.67 0-32 14.33-32 32v32c0 17.67 14.33 32 32 32h384c17.67 0 32-14.33 32-32v-32c0-17.67-14.33-32-32-32z\"><\/path><\/svg>\t\t\t\t\t\t<\/span>\n\t\t\t\t\t\t\t\t\t\t<span class=\"elementor-icon-list-text\">duboko po\u0161tovanje prema prirodi<\/span>\n\t\t\t\t\t\t\t\t\t<\/li>\n\t\t\t\t\t\t\t\t<li class=\"elementor-icon-list-item\">\n\t\t\t\t\t\t\t\t\t\t\t<span class=\"elementor-icon-list-icon\">\n\t\t\t\t\t\t\t<svg aria-hidden=\"true\" class=\"e-font-icon-svg e-fas-minus\" viewBox=\"0 0 448 512\" xmlns=\"http:\/\/www.w3.org\/2000\/svg\"><path d=\"M416 208H32c-17.67 0-32 14.33-32 32v32c0 17.67 14.33 32 32 32h384c17.67 0 32-14.33 32-32v-32c0-17.67-14.33-32-32-32z\"><\/path><\/svg>\t\t\t\t\t\t<\/span>\n\t\t\t\t\t\t\t\t\t\t<span class=\"elementor-icon-list-text\">integritet i profesionalizam<\/span>\n\t\t\t\t\t\t\t\t\t<\/li>\n\t\t\t\t\t\t<\/ul>\n\t\t\t\t\t\t<\/div>\n\t\t\t\t<\/div>\n\t\t\t\t<\/div>\n\t\t\t\t\t<\/div>\n\t\t\t\t<\/div>\n\t\t\t\t<\/div>\n\t\t","protected":false},"excerpt":{"rendered":"<p>Tko smo mi Na\u0161a pri\u010da Na\u0161a pri\u010da ne staje samo na ljubavi prema vodi, raftingu i prirodi, ve\u0107 se mo\u017eemo pohvaliti izvrsnim uspjesima koje posti\u017eemo kroz Kajak kanu klub &#8220;Rasto\u010dki mlinari&#8221;, a kao rezultat \u010destih treninga isti\u010demo se izvrsno poznavanje lokalnih rijeka kojima \u0107emo vas o\u010darati. Iako nam je u budu\u0107nosti cilj ponuditi i druge [&hellip;]<\/p>\n","protected":false},"author":1,"featured_media":0,"parent":0,"menu_order":0,"comment_status":"closed","ping_status":"closed","template":"","meta":{"site-sidebar-layout":"no-sidebar","site-content-layout":"page-builder","ast-site-content-layout":"full-width-container","site-content-style":"unboxed","site-sidebar-style":"unboxed","ast-global-header-display":"","ast-banner-title-visibility":"","ast-main-header-display":"","ast-hfb-above-header-display":"","ast-hfb-below-header-display":"","ast-hfb-mobile-header-display":"","site-post-title":"disabled","ast-breadcrumbs-content":"","ast-featured-img":"disabled","footer-sml-layout":"","ast-disable-related-posts":"","theme-transparent-header-meta":"enabled","adv-header-id-meta":"","stick-header-meta":"","header-above-stick-meta":"","header-main-stick-meta":"","header-below-stick-meta":"","astra-migrate-meta-layouts":"set","ast-page-background-enabled":"default","ast-page-background-meta":{"desktop":{"background-color":"","background-image":"","background-repeat":"repeat","background-position":"center center","background-size":"auto","background-attachment":"scroll","background-type":"","background-media":"","overlay-type":"","overlay-color":"","overlay-opacity":"","overlay-gradient":""},"tablet":{"background-color":"","background-image":"","background-repeat":"repeat","background-position":"center center","background-size":"auto","background-attachment":"scroll","background-type":"","background-media":"","overlay-type":"","overlay-color":"","overlay-opacity":"","overlay-gradient":""},"mobile":{"background-color":"","background-image":"","background-repeat":"repeat","background-position":"center center","background-size":"auto","background-attachment":"scroll","background-type":"","background-media":"","overlay-type":"","overlay-color":"","overlay-opacity":"","overlay-gradient":""}},"ast-content-background-meta":{"desktop":{"background-color":"var(--ast-global-color-5)","background-image":"","background-repeat":"repeat","background-position":"center center","background-size":"auto","background-attachment":"scroll","background-type":"","background-media":"","overlay-type":"","overlay-color":"","overlay-opacity":"","overlay-gradient":""},"tablet":{"background-color":"var(--ast-global-color-5)","background-image":"","background-repeat":"repeat","background-position":"center center","background-size":"auto","background-attachment":"scroll","background-type":"","background-media":"","overlay-type":"","overlay-color":"","overlay-opacity":"","overlay-gradient":""},"mobile":{"background-color":"var(--ast-global-color-5)","background-image":"","background-repeat":"repeat","background-position":"center center","background-size":"auto","background-attachment":"scroll","background-type":"","background-media":"","overlay-type":"","overlay-color":"","overlay-opacity":"","overlay-gradient":""}},"footnotes":""},"class_list":["post-1971","page","type-page","status-publish","hentry"],"_links":{"self":[{"href":"https:\/\/rastokenf.hr\/hr\/wp-json\/wp\/v2\/pages\/1971","targetHints":{"allow":["GET"]}}],"collection":[{"href":"https:\/\/rastokenf.hr\/hr\/wp-json\/wp\/v2\/pages"}],"about":[{"href":"https:\/\/rastokenf.hr\/hr\/wp-json\/wp\/v2\/types\/page"}],"author":[{"embeddable":true,"href":"https:\/\/rastokenf.hr\/hr\/wp-json\/wp\/v2\/users\/1"}],"replies":[{"embeddable":true,"href":"https:\/\/rastokenf.hr\/hr\/wp-json\/wp\/v2\/comments?post=1971"}],"version-history":[{"count":0,"href":"https:\/\/rastokenf.hr\/hr\/wp-json\/wp\/v2\/pages\/1971\/revisions"}],"wp:attachment":[{"href":"https:\/\/rastokenf.hr\/hr\/wp-json\/wp\/v2\/media?parent=1971"}],"curies":[{"name":"wp","href":"https:\/\/api.w.org\/{rel}","templated":true}]}}